{"id":1489,"date":"2022-04-27T11:04:57","date_gmt":"2022-04-27T09:04:57","guid":{"rendered":"https:\/\/cassese-dev.plateforme37.fr\/produit\/mf-40\/"},"modified":"2022-11-21T13:25:41","modified_gmt":"2022-11-21T12:25:41","slug":"mf-40","status":"publish","type":"product","link":"https:\/\/cassese-dev.plateforme37.fr\/fr\/produit\/mf-40\/","title":{"rendered":"MF 40"},"content":{"rendered":"","protected":false},"excerpt":{"rendered":"<p>LA MF40 DE CASSESE est une sertisseuse automatique (\u00e9lectrique et pneumatique) pour attaches et attache charni\u00e8res en rouleaux.<\/p>\n<p>La MF 40 peut fixer ces attaches sur des dos de cadre en bois dur et MDF.<\/p>\n<p>La base, t\u00eate et syst\u00e8me de sertissage en fonte tr\u00e8s r\u00e9sistante assurent la robustesse et la long\u00e9vit\u00e9 de la machine.<\/p>\n<p>En choisissant le kit d&rsquo;outils requis, la MF40 peut fixer les attaches en rouleaux Cassese suivantes :<\/p>\n<p>&#8211; 4703 (attache charni\u00e8res \u00e0 trois trous)<\/p>\n<p>&#8211; 2702 (attaches \u00e0 deux trous)<\/p>\n<p>&#8211; 1701 (attaches \u00e0 un trou)<\/p>\n","protected":false},"featured_media":1675,"template":"","meta":[],"product_cat":[31],"product_tag":[],"class_list":["post-1489","product","type-product","status-publish","has-post-thumbnail","hentry","product_cat-fixation-dos-de-cadre"],"acf":[],"_links":{"self":[{"href":"https:\/\/cassese-dev.plateforme37.fr\/fr\/wp-json\/wp\/v2\/product\/1489","targetHints":{"allow":["GET"]}}],"collection":[{"href":"https:\/\/cassese-dev.plateforme37.fr\/fr\/wp-json\/wp\/v2\/product"}],"about":[{"href":"https:\/\/cassese-dev.plateforme37.fr\/fr\/wp-json\/wp\/v2\/types\/product"}],"wp:featuredmedia":[{"embeddable":true,"href":"https:\/\/cassese-dev.plateforme37.fr\/fr\/wp-json\/wp\/v2\/media\/1675"}],"wp:attachment":[{"href":"https:\/\/cassese-dev.plateforme37.fr\/fr\/wp-json\/wp\/v2\/media?parent=1489"}],"wp:term":[{"taxonomy":"product_cat","embeddable":true,"href":"https:\/\/cassese-dev.plateforme37.fr\/fr\/wp-json\/wp\/v2\/product_cat?post=1489"},{"taxonomy":"product_tag","embeddable":true,"href":"https:\/\/cassese-dev.plateforme37.fr\/fr\/wp-json\/wp\/v2\/product_tag?post=1489"}],"curies":[{"name":"wp","href":"https:\/\/api.w.org\/{rel}","templated":true}]}}