{"id":1488,"date":"2022-09-13T13:09:44","date_gmt":"2022-09-13T11:09:44","guid":{"rendered":"https:\/\/cassese-dev.plateforme37.fr\/produit\/cs-15-m\/"},"modified":"2022-10-31T16:32:19","modified_gmt":"2022-10-31T15:32:19","slug":"cs-15-m","status":"publish","type":"product","link":"https:\/\/cassese-dev.plateforme37.fr\/fr\/produit\/cs-15-m\/","title":{"rendered":"CS 15 M"},"content":{"rendered":"","protected":false},"excerpt":{"rendered":"<p>Le CS 15 M de Cassese est un pistolet manuel de pointes de 15mm. Le pistolet manuel peut tirer des pointes flexibles, fl\u00e8ches ou pointes fixes. Le CS 15 M est vraiment l\u00e9ger et un usage tr\u00e8s confortable pour des tirs de pointe de pr\u00e9cision. Le pistolet \u00e0 pointes flexibles peut \u00eatre utilis\u00e9 sur des moulures en bois, en MDF ou en plastique.<\/p>\n","protected":false},"featured_media":1685,"template":"","meta":[],"product_cat":[31],"product_tag":[],"class_list":["post-1488","product","type-product","status-publish","has-post-thumbnail","hentry","product_cat-fixation-dos-de-cadre"],"acf":[],"_links":{"self":[{"href":"https:\/\/cassese-dev.plateforme37.fr\/fr\/wp-json\/wp\/v2\/product\/1488","targetHints":{"allow":["GET"]}}],"collection":[{"href":"https:\/\/cassese-dev.plateforme37.fr\/fr\/wp-json\/wp\/v2\/product"}],"about":[{"href":"https:\/\/cassese-dev.plateforme37.fr\/fr\/wp-json\/wp\/v2\/types\/product"}],"wp:featuredmedia":[{"embeddable":true,"href":"https:\/\/cassese-dev.plateforme37.fr\/fr\/wp-json\/wp\/v2\/media\/1685"}],"wp:attachment":[{"href":"https:\/\/cassese-dev.plateforme37.fr\/fr\/wp-json\/wp\/v2\/media?parent=1488"}],"wp:term":[{"taxonomy":"product_cat","embeddable":true,"href":"https:\/\/cassese-dev.plateforme37.fr\/fr\/wp-json\/wp\/v2\/product_cat?post=1488"},{"taxonomy":"product_tag","embeddable":true,"href":"https:\/\/cassese-dev.plateforme37.fr\/fr\/wp-json\/wp\/v2\/product_tag?post=1488"}],"curies":[{"name":"wp","href":"https:\/\/api.w.org\/{rel}","templated":true}]}}