{"id":1486,"date":"2022-09-13T13:39:01","date_gmt":"2022-09-13T11:39:01","guid":{"rendered":"https:\/\/cassese-dev.plateforme37.fr\/produit\/cs-7-15\/"},"modified":"2022-11-14T00:20:03","modified_gmt":"2022-11-13T23:20:03","slug":"cs-7-15","status":"publish","type":"product","link":"https:\/\/cassese-dev.plateforme37.fr\/fr\/produit\/cs-7-15\/","title":{"rendered":"CS 7.15"},"content":{"rendered":"","protected":false},"excerpt":{"rendered":"<p>Le CS 7.15 de CASSESE est un pistolet pneumatique pour des pointes de 15mm. Ce pistolet peut tirer des pointes flexibles, des pointes flexibles en fl\u00e8che ou les pointes rigides Cassese. Le CS715 est vraiment l\u00e9ger et ergonomique et permet une utilisation confortable avec fiabilit\u00e9. Ce pistolet \u00e0 pointes flexibles peut \u00eatre utiliser dans diff\u00e9rents bois, MDF ou encore des moulures plastiques.<\/p>\n","protected":false},"featured_media":1856,"template":"","meta":[],"product_cat":[31],"product_tag":[],"class_list":["post-1486","product","type-product","status-publish","has-post-thumbnail","hentry","product_cat-fixation-dos-de-cadre"],"acf":[],"_links":{"self":[{"href":"https:\/\/cassese-dev.plateforme37.fr\/fr\/wp-json\/wp\/v2\/product\/1486","targetHints":{"allow":["GET"]}}],"collection":[{"href":"https:\/\/cassese-dev.plateforme37.fr\/fr\/wp-json\/wp\/v2\/product"}],"about":[{"href":"https:\/\/cassese-dev.plateforme37.fr\/fr\/wp-json\/wp\/v2\/types\/product"}],"wp:featuredmedia":[{"embeddable":true,"href":"https:\/\/cassese-dev.plateforme37.fr\/fr\/wp-json\/wp\/v2\/media\/1856"}],"wp:attachment":[{"href":"https:\/\/cassese-dev.plateforme37.fr\/fr\/wp-json\/wp\/v2\/media?parent=1486"}],"wp:term":[{"taxonomy":"product_cat","embeddable":true,"href":"https:\/\/cassese-dev.plateforme37.fr\/fr\/wp-json\/wp\/v2\/product_cat?post=1486"},{"taxonomy":"product_tag","embeddable":true,"href":"https:\/\/cassese-dev.plateforme37.fr\/fr\/wp-json\/wp\/v2\/product_tag?post=1486"}],"curies":[{"name":"wp","href":"https:\/\/api.w.org\/{rel}","templated":true}]}}