{"id":1390,"date":"2022-09-12T20:12:25","date_gmt":"2022-09-12T18:12:25","guid":{"rendered":"https:\/\/cassese-dev.plateforme37.fr\/produit\/v-force-2-uni\/"},"modified":"2022-11-21T12:58:57","modified_gmt":"2022-11-21T11:58:57","slug":"v-force-2-uni","status":"publish","type":"product","link":"https:\/\/cassese-dev.plateforme37.fr\/fr\/produit\/v-force-2-uni\/","title":{"rendered":"V-FORCE 2 UNI"},"content":{"rendered":"","protected":false},"excerpt":{"rendered":"<p>La V-FORCE 2 UNI de Cassese est une assembleuse num\u00e9rique tr\u00e8s rapide.<\/p>\n<p>La V-FORCE 2 UNI est facile \u00e0 utiliser gr\u00e2ce \u00e0 son \u00e9cran tactile intuitif et \u00e0 sa programmation d&rsquo;assemblage simple et rapide.<\/p>\n<p>La V-FORCE 2 UNI permet d&rsquo;assembler des moulures hautes et larges tout en assurant une qualit\u00e9 d&rsquo;assemblage parfaite gr\u00e2ce au syst\u00e8me de griffes de serrage r\u00e9tractables.<\/p>\n<p>Pour am\u00e9liorer votre productivit\u00e9, vous pouvez enregistrer jusqu&rsquo;\u00e0 3 000 profils de moulures avec identification iconique.<\/p>\n<p>La V-FORCE 2 UNI fonctionne avec des agrafes \u201cUNI\u201d et dispose d&rsquo;un syst\u00e8me facile de chargement des agrafes afin de minimiser la perte de temps.<\/p>\n","protected":false},"featured_media":1708,"template":"","meta":[],"product_cat":[37],"product_tag":[],"class_list":["post-1390","product","type-product","status-publish","has-post-thumbnail","hentry","product_cat-assembleuses"],"acf":[],"_links":{"self":[{"href":"https:\/\/cassese-dev.plateforme37.fr\/fr\/wp-json\/wp\/v2\/product\/1390","targetHints":{"allow":["GET"]}}],"collection":[{"href":"https:\/\/cassese-dev.plateforme37.fr\/fr\/wp-json\/wp\/v2\/product"}],"about":[{"href":"https:\/\/cassese-dev.plateforme37.fr\/fr\/wp-json\/wp\/v2\/types\/product"}],"wp:featuredmedia":[{"embeddable":true,"href":"https:\/\/cassese-dev.plateforme37.fr\/fr\/wp-json\/wp\/v2\/media\/1708"}],"wp:attachment":[{"href":"https:\/\/cassese-dev.plateforme37.fr\/fr\/wp-json\/wp\/v2\/media?parent=1390"}],"wp:term":[{"taxonomy":"product_cat","embeddable":true,"href":"https:\/\/cassese-dev.plateforme37.fr\/fr\/wp-json\/wp\/v2\/product_cat?post=1390"},{"taxonomy":"product_tag","embeddable":true,"href":"https:\/\/cassese-dev.plateforme37.fr\/fr\/wp-json\/wp\/v2\/product_tag?post=1390"}],"curies":[{"name":"wp","href":"https:\/\/api.w.org\/{rel}","templated":true}]}}