{"id":1388,"date":"2022-09-12T18:47:47","date_gmt":"2022-09-12T16:47:47","guid":{"rendered":"https:\/\/cassese-dev.plateforme37.fr\/produit\/v-force-2-cart-2\/"},"modified":"2022-11-21T12:57:37","modified_gmt":"2022-11-21T11:57:37","slug":"v-force-2-cart-2","status":"publish","type":"product","link":"https:\/\/cassese-dev.plateforme37.fr\/fr\/produit\/v-force-2-cart-2\/","title":{"rendered":"V-FORCE 2 CART"},"content":{"rendered":"","protected":false},"excerpt":{"rendered":"<p>La V-FORCE 2 CART de CASSESE est une assembleuse num\u00e9rique tr\u00e8s rapide.<\/p>\n<p>La V-FORCE 2 CART est facile \u00e0 utiliser gr\u00e2ce \u00e0 son \u00e9cran tactile intuitif et \u00e0 sa programmation d&rsquo;assemblage simple et rapide.<\/p>\n<p>La V-FORCE 2 CART permet d&rsquo;assembler des moulures hautes et larges tout en assurant une qualit\u00e9 d&rsquo;assemblage parfaite gr\u00e2ce au syst\u00e8me de griffes de serrage r\u00e9tractables.<\/p>\n<p>Pour am\u00e9liorer votre productivit\u00e9, vous pouvez enregistrer jusqu&rsquo;\u00e0 3 000 profils de moulures avec identification iconique.<\/p>\n<p>La V-FORCE 2 CART utilise des agrafes en chargeur Cassese, reconnues aujourd&rsquo;hui comme les meilleures du march\u00e9 et permettant de charger la machine plus rapidement.<\/p>\n","protected":false},"featured_media":1706,"template":"","meta":[],"product_cat":[37],"product_tag":[],"class_list":["post-1388","product","type-product","status-publish","has-post-thumbnail","hentry","product_cat-assembleuses"],"acf":[],"_links":{"self":[{"href":"https:\/\/cassese-dev.plateforme37.fr\/fr\/wp-json\/wp\/v2\/product\/1388","targetHints":{"allow":["GET"]}}],"collection":[{"href":"https:\/\/cassese-dev.plateforme37.fr\/fr\/wp-json\/wp\/v2\/product"}],"about":[{"href":"https:\/\/cassese-dev.plateforme37.fr\/fr\/wp-json\/wp\/v2\/types\/product"}],"wp:featuredmedia":[{"embeddable":true,"href":"https:\/\/cassese-dev.plateforme37.fr\/fr\/wp-json\/wp\/v2\/media\/1706"}],"wp:attachment":[{"href":"https:\/\/cassese-dev.plateforme37.fr\/fr\/wp-json\/wp\/v2\/media?parent=1388"}],"wp:term":[{"taxonomy":"product_cat","embeddable":true,"href":"https:\/\/cassese-dev.plateforme37.fr\/fr\/wp-json\/wp\/v2\/product_cat?post=1388"},{"taxonomy":"product_tag","embeddable":true,"href":"https:\/\/cassese-dev.plateforme37.fr\/fr\/wp-json\/wp\/v2\/product_tag?post=1388"}],"curies":[{"name":"wp","href":"https:\/\/api.w.org\/{rel}","templated":true}]}}