{"id":1385,"date":"2022-09-12T20:05:00","date_gmt":"2022-09-12T18:05:00","guid":{"rendered":"https:\/\/cassese-dev.plateforme37.fr\/produit\/v-force-1-uni\/"},"modified":"2022-11-21T12:55:47","modified_gmt":"2022-11-21T11:55:47","slug":"v-force-1-uni","status":"publish","type":"product","link":"https:\/\/cassese-dev.plateforme37.fr\/fr\/produit\/v-force-1-uni\/","title":{"rendered":"V-FORCE 1 UNI"},"content":{"rendered":"","protected":false},"excerpt":{"rendered":"<p>La V-FORCE 1 UNI de Cassese est une assembleuse num\u00e9rique tr\u00e8s rapide.<\/p>\n<p>La V-FORCE 1 UNI est facile \u00e0 utiliser gr\u00e2ce \u00e0 son clavier convivial et intuitif et \u00e0 sa configuration d&rsquo;assemblage simple et rapide.<\/p>\n<p>La V-FORCE 1 UNI permet d&rsquo;assembler des moulures hautes et larges tout en assurant une parfaite qualit\u00e9 d&rsquo;assemblage gr\u00e2ce au syst\u00e8me de pinces de serrage r\u00e9tractables.<\/p>\n<p>Pour am\u00e9liorer votre productivit\u00e9, vous pouvez enregistrer 9 profils de moulures favoris ou utiliser l&rsquo;option lecteur de code-barres.<\/p>\n<p>La V-FORCE 1 UNI fonctionne avec des agrafes \u201cUNI\u201d et dispose d&rsquo;un syst\u00e8me facile de chargement des agrafes afin de minimiser la perte de temps.<\/p>\n","protected":false},"featured_media":1704,"template":"","meta":[],"product_cat":[37],"product_tag":[],"class_list":["post-1385","product","type-product","status-publish","has-post-thumbnail","hentry","product_cat-assembleuses"],"acf":[],"_links":{"self":[{"href":"https:\/\/cassese-dev.plateforme37.fr\/fr\/wp-json\/wp\/v2\/product\/1385","targetHints":{"allow":["GET"]}}],"collection":[{"href":"https:\/\/cassese-dev.plateforme37.fr\/fr\/wp-json\/wp\/v2\/product"}],"about":[{"href":"https:\/\/cassese-dev.plateforme37.fr\/fr\/wp-json\/wp\/v2\/types\/product"}],"wp:featuredmedia":[{"embeddable":true,"href":"https:\/\/cassese-dev.plateforme37.fr\/fr\/wp-json\/wp\/v2\/media\/1704"}],"wp:attachment":[{"href":"https:\/\/cassese-dev.plateforme37.fr\/fr\/wp-json\/wp\/v2\/media?parent=1385"}],"wp:term":[{"taxonomy":"product_cat","embeddable":true,"href":"https:\/\/cassese-dev.plateforme37.fr\/fr\/wp-json\/wp\/v2\/product_cat?post=1385"},{"taxonomy":"product_tag","embeddable":true,"href":"https:\/\/cassese-dev.plateforme37.fr\/fr\/wp-json\/wp\/v2\/product_tag?post=1385"}],"curies":[{"name":"wp","href":"https:\/\/api.w.org\/{rel}","templated":true}]}}