{"id":1383,"date":"2022-06-08T15:57:25","date_gmt":"2022-06-08T13:57:25","guid":{"rendered":"https:\/\/cassese-dev.plateforme37.fr\/produit\/v-force-1-cart\/"},"modified":"2022-11-21T12:53:57","modified_gmt":"2022-11-21T11:53:57","slug":"v-force-1-cart","status":"publish","type":"product","link":"https:\/\/cassese-dev.plateforme37.fr\/fr\/produit\/v-force-1-cart\/","title":{"rendered":"V-FORCE 1 CART"},"content":{"rendered":"","protected":false},"excerpt":{"rendered":"<p>La V-FORCE 1 CART de Cassese est une assembleuse num\u00e9rique tr\u00e8s rapide.<\/p>\n<p>La V-FORCE 1 CART est facile \u00e0 utiliser gr\u00e2ce \u00e0 son clavier convivial et intuitif et \u00e0 sa configuration d&rsquo;assemblage simple et rapide.<\/p>\n<p>La V-FORCE 1 CART permet d&rsquo;assembler des moulures hautes et larges tout en assurant une parfaite qualit\u00e9 d&rsquo;assemblage gr\u00e2ce au syst\u00e8me de pinces de serrage r\u00e9tractables.<\/p>\n<p>Pour am\u00e9liorer votre productivit\u00e9, vous pouvez enregistrer 9 profils de moulures favoris ou utiliser l&rsquo;option lecteur de code-barres.<\/p>\n<p>La V-FORCE 1 CART utilise des agrafes en chargeur Cassese, reconnues aujourd&rsquo;hui comme les meilleures du march\u00e9 et permettant de charger la machine plus rapidement.<\/p>\n","protected":false},"featured_media":1702,"template":"","meta":[],"product_cat":[37],"product_tag":[],"class_list":["post-1383","product","type-product","status-publish","has-post-thumbnail","hentry","product_cat-assembleuses"],"acf":[],"_links":{"self":[{"href":"https:\/\/cassese-dev.plateforme37.fr\/fr\/wp-json\/wp\/v2\/product\/1383","targetHints":{"allow":["GET"]}}],"collection":[{"href":"https:\/\/cassese-dev.plateforme37.fr\/fr\/wp-json\/wp\/v2\/product"}],"about":[{"href":"https:\/\/cassese-dev.plateforme37.fr\/fr\/wp-json\/wp\/v2\/types\/product"}],"wp:featuredmedia":[{"embeddable":true,"href":"https:\/\/cassese-dev.plateforme37.fr\/fr\/wp-json\/wp\/v2\/media\/1702"}],"wp:attachment":[{"href":"https:\/\/cassese-dev.plateforme37.fr\/fr\/wp-json\/wp\/v2\/media?parent=1383"}],"wp:term":[{"taxonomy":"product_cat","embeddable":true,"href":"https:\/\/cassese-dev.plateforme37.fr\/fr\/wp-json\/wp\/v2\/product_cat?post=1383"},{"taxonomy":"product_tag","embeddable":true,"href":"https:\/\/cassese-dev.plateforme37.fr\/fr\/wp-json\/wp\/v2\/product_tag?post=1383"}],"curies":[{"name":"wp","href":"https:\/\/api.w.org\/{rel}","templated":true}]}}