{"id":1381,"date":"2022-09-12T19:10:15","date_gmt":"2022-09-12T17:10:15","guid":{"rendered":"https:\/\/cassese-dev.plateforme37.fr\/produit\/mach-5-cart\/"},"modified":"2022-11-21T13:00:48","modified_gmt":"2022-11-21T12:00:48","slug":"mach-5-cart","status":"publish","type":"product","link":"https:\/\/cassese-dev.plateforme37.fr\/fr\/produit\/mach-5-cart\/","title":{"rendered":"MACH 5 CART"},"content":{"rendered":"","protected":false},"excerpt":{"rendered":"<p>LA MACH 5 CART DE CASSESE est une assembleuse num\u00e9rique programmable tr\u00e8s<br \/>\nrapide.<\/p>\n<p>La MACH 5 CART dispose d&rsquo;une table d\u2019assemblage motoris\u00e9e &amp; programmable permettant le positionnement automatique selon la largeur de la moulure pr\u00e9enregistr\u00e9e.<\/p>\n<p>La MACH 5 CART permet d&rsquo;assembler des moulures hautes et larges tout en assurant une qualit\u00e9 d&rsquo;assemblage parfaite gr\u00e2ce au syst\u00e8me de griffes de serrage r\u00e9tractables.<\/p>\n<p>Pour am\u00e9liorer votre productivit\u00e9, vous pouvez enregistrer jusqu&rsquo;\u00e0 3 000 profils de moulures avec identification iconique.<\/p>\n<p>La MACH 5 CART utilise des agrafes en chargeur Cassese, reconnues aujourd&rsquo;hui comme les meilleures du march\u00e9 et permettant de charger la machine plus rapidement.<\/p>\n","protected":false},"featured_media":1700,"template":"","meta":[],"product_cat":[37],"product_tag":[],"class_list":["post-1381","product","type-product","status-publish","has-post-thumbnail","hentry","product_cat-assembleuses"],"acf":[],"_links":{"self":[{"href":"https:\/\/cassese-dev.plateforme37.fr\/fr\/wp-json\/wp\/v2\/product\/1381","targetHints":{"allow":["GET"]}}],"collection":[{"href":"https:\/\/cassese-dev.plateforme37.fr\/fr\/wp-json\/wp\/v2\/product"}],"about":[{"href":"https:\/\/cassese-dev.plateforme37.fr\/fr\/wp-json\/wp\/v2\/types\/product"}],"wp:featuredmedia":[{"embeddable":true,"href":"https:\/\/cassese-dev.plateforme37.fr\/fr\/wp-json\/wp\/v2\/media\/1700"}],"wp:attachment":[{"href":"https:\/\/cassese-dev.plateforme37.fr\/fr\/wp-json\/wp\/v2\/media?parent=1381"}],"wp:term":[{"taxonomy":"product_cat","embeddable":true,"href":"https:\/\/cassese-dev.plateforme37.fr\/fr\/wp-json\/wp\/v2\/product_cat?post=1381"},{"taxonomy":"product_tag","embeddable":true,"href":"https:\/\/cassese-dev.plateforme37.fr\/fr\/wp-json\/wp\/v2\/product_tag?post=1381"}],"curies":[{"name":"wp","href":"https:\/\/api.w.org\/{rel}","templated":true}]}}