{"id":1378,"date":"2022-06-08T15:46:18","date_gmt":"2022-06-08T13:46:18","guid":{"rendered":"https:\/\/cassese-dev.plateforme37.fr\/produit\/cs-200-cart\/"},"modified":"2022-11-21T12:51:12","modified_gmt":"2022-11-21T11:51:12","slug":"cs-200-cart","status":"publish","type":"product","link":"https:\/\/cassese-dev.plateforme37.fr\/fr\/produit\/cs-200-cart\/","title":{"rendered":"CS200 CART"},"content":{"rendered":"","protected":false},"excerpt":{"rendered":"<p>La CS200 CART de Cassese est une assembleuse pneumatique simple d\u2019utilisation. Ses diff\u00e9rentes caract\u00e9ristiques techniques brevet\u00e9es en font l&rsquo;une des meilleures assembleuses du march\u00e9.<\/p>\n<p>La CS200 CART permet d&rsquo;assembler des moulures hautes et larges tout en assurant une parfaite qualit\u00e9 d&rsquo;assemblage gr\u00e2ce aux griffes de serrage \u00e0 double action.<\/p>\n<p>Ses nouveaux panneaux sandwich en aluminium de haute qualit\u00e9 et sa fa\u00e7ade en acier inoxydable assurent robustesse et long\u00e9vit\u00e9 de la machine.<\/p>\n<p>La CS200 CART utilise des agrafes en chargeur Cassese, reconnues aujourd&rsquo;hui comme les meilleures du march\u00e9 et permettant de charger la machine plus rapidement.<\/p>\n","protected":false},"featured_media":1698,"template":"","meta":[],"product_cat":[37],"product_tag":[],"class_list":["post-1378","product","type-product","status-publish","has-post-thumbnail","hentry","product_cat-assembleuses"],"acf":[],"_links":{"self":[{"href":"https:\/\/cassese-dev.plateforme37.fr\/fr\/wp-json\/wp\/v2\/product\/1378","targetHints":{"allow":["GET"]}}],"collection":[{"href":"https:\/\/cassese-dev.plateforme37.fr\/fr\/wp-json\/wp\/v2\/product"}],"about":[{"href":"https:\/\/cassese-dev.plateforme37.fr\/fr\/wp-json\/wp\/v2\/types\/product"}],"wp:featuredmedia":[{"embeddable":true,"href":"https:\/\/cassese-dev.plateforme37.fr\/fr\/wp-json\/wp\/v2\/media\/1698"}],"wp:attachment":[{"href":"https:\/\/cassese-dev.plateforme37.fr\/fr\/wp-json\/wp\/v2\/media?parent=1378"}],"wp:term":[{"taxonomy":"product_cat","embeddable":true,"href":"https:\/\/cassese-dev.plateforme37.fr\/fr\/wp-json\/wp\/v2\/product_cat?post=1378"},{"taxonomy":"product_tag","embeddable":true,"href":"https:\/\/cassese-dev.plateforme37.fr\/fr\/wp-json\/wp\/v2\/product_tag?post=1378"}],"curies":[{"name":"wp","href":"https:\/\/api.w.org\/{rel}","templated":true}]}}