{"id":1376,"date":"2022-06-08T15:49:26","date_gmt":"2022-06-08T13:49:26","guid":{"rendered":"https:\/\/cassese-dev.plateforme37.fr\/produit\/cs-20-cart\/"},"modified":"2022-11-21T12:48:26","modified_gmt":"2022-11-21T11:48:26","slug":"cs-20-cart","status":"publish","type":"product","link":"https:\/\/cassese-dev.plateforme37.fr\/fr\/produit\/cs-20-cart\/","title":{"rendered":"CS 20 CART"},"content":{"rendered":"","protected":false},"excerpt":{"rendered":"<p>La CS20 CART de Cassese est une assembleuse pneumatique simple d\u2019utilisation. Ses diff\u00e9rentes caract\u00e9ristiques techniques brevet\u00e9es en font l&rsquo;une des meilleures assembleuses du march\u00e9.<\/p>\n<p>La CS20 CART permet d&rsquo;assembler des moulures hautes et larges tout en assurant une parfaite qualit\u00e9 d&rsquo;assemblage gr\u00e2ce aux griffes de serrage \u00e0 double action.<\/p>\n<p>La structure en aluminium et la table de travail en inox assurent la robustesse et la long\u00e9vit\u00e9 de la machine.<\/p>\n<p>La CS20 CART utilise des agrafes en chargeur Cassese, reconnues aujourd&rsquo;hui comme les meilleures du march\u00e9 et permettant de charger la machine plus rapidement.<\/p>\n","protected":false},"featured_media":1696,"template":"","meta":[],"product_cat":[37],"product_tag":[],"class_list":["post-1376","product","type-product","status-publish","has-post-thumbnail","hentry","product_cat-assembleuses"],"acf":[],"_links":{"self":[{"href":"https:\/\/cassese-dev.plateforme37.fr\/fr\/wp-json\/wp\/v2\/product\/1376","targetHints":{"allow":["GET"]}}],"collection":[{"href":"https:\/\/cassese-dev.plateforme37.fr\/fr\/wp-json\/wp\/v2\/product"}],"about":[{"href":"https:\/\/cassese-dev.plateforme37.fr\/fr\/wp-json\/wp\/v2\/types\/product"}],"wp:featuredmedia":[{"embeddable":true,"href":"https:\/\/cassese-dev.plateforme37.fr\/fr\/wp-json\/wp\/v2\/media\/1696"}],"wp:attachment":[{"href":"https:\/\/cassese-dev.plateforme37.fr\/fr\/wp-json\/wp\/v2\/media?parent=1376"}],"wp:term":[{"taxonomy":"product_cat","embeddable":true,"href":"https:\/\/cassese-dev.plateforme37.fr\/fr\/wp-json\/wp\/v2\/product_cat?post=1376"},{"taxonomy":"product_tag","embeddable":true,"href":"https:\/\/cassese-dev.plateforme37.fr\/fr\/wp-json\/wp\/v2\/product_tag?post=1376"}],"curies":[{"name":"wp","href":"https:\/\/api.w.org\/{rel}","templated":true}]}}