{"id":1372,"date":"2022-09-12T19:46:42","date_gmt":"2022-09-12T17:46:42","guid":{"rendered":"https:\/\/cassese-dev.plateforme37.fr\/produit\/cs-2-uni\/"},"modified":"2022-11-21T12:42:05","modified_gmt":"2022-11-21T11:42:05","slug":"cs-2-uni","status":"publish","type":"product","link":"https:\/\/cassese-dev.plateforme37.fr\/fr\/produit\/cs-2-uni\/","title":{"rendered":"CS 2 UNI"},"content":{"rendered":"","protected":false},"excerpt":{"rendered":"<p>La CS2 UNI de Cassese est une assembleuse pneumatique tr\u00e8s simple d\u2019utilisation. Elle a la capacit\u00e9 d\u2019assembler n&rsquo;importe quelle taille de cadre (avec une hauteur maximale de 85 mm).<\/p>\n<p>Gr\u00e2ce \u00e0 son v\u00e9rin pneumatique, la CS 2 UNI permet un assemblage sans effort tout en assurant une qualit\u00e9 d&rsquo;assemblage parfaite gr\u00e2ce au syst\u00e8me brevet\u00e9 \u00ab Smart Wedge Drive System tm \u00bb (autor\u00e9gulation de la pression<br \/>\nd\u2019agrafage).<\/p>\n<p>La CS2 UNI fonctionne avec des agrafes \u201cUNI\u201d et dispose d&rsquo;un syst\u00e8me facile de chargement des agrafes afin de minimiser la perte de temps.<\/p>\n","protected":false},"featured_media":1694,"template":"","meta":[],"product_cat":[37],"product_tag":[],"class_list":["post-1372","product","type-product","status-publish","has-post-thumbnail","hentry","product_cat-assembleuses"],"acf":[],"_links":{"self":[{"href":"https:\/\/cassese-dev.plateforme37.fr\/fr\/wp-json\/wp\/v2\/product\/1372","targetHints":{"allow":["GET"]}}],"collection":[{"href":"https:\/\/cassese-dev.plateforme37.fr\/fr\/wp-json\/wp\/v2\/product"}],"about":[{"href":"https:\/\/cassese-dev.plateforme37.fr\/fr\/wp-json\/wp\/v2\/types\/product"}],"wp:featuredmedia":[{"embeddable":true,"href":"https:\/\/cassese-dev.plateforme37.fr\/fr\/wp-json\/wp\/v2\/media\/1694"}],"wp:attachment":[{"href":"https:\/\/cassese-dev.plateforme37.fr\/fr\/wp-json\/wp\/v2\/media?parent=1372"}],"wp:term":[{"taxonomy":"product_cat","embeddable":true,"href":"https:\/\/cassese-dev.plateforme37.fr\/fr\/wp-json\/wp\/v2\/product_cat?post=1372"},{"taxonomy":"product_tag","embeddable":true,"href":"https:\/\/cassese-dev.plateforme37.fr\/fr\/wp-json\/wp\/v2\/product_tag?post=1372"}],"curies":[{"name":"wp","href":"https:\/\/api.w.org\/{rel}","templated":true}]}}