{"id":1371,"date":"2022-06-08T15:40:12","date_gmt":"2022-06-08T13:40:12","guid":{"rendered":"https:\/\/cassese-dev.plateforme37.fr\/produit\/cs-cart\/"},"modified":"2022-11-21T12:46:47","modified_gmt":"2022-11-21T11:46:47","slug":"cs-cart","status":"publish","type":"product","link":"https:\/\/cassese-dev.plateforme37.fr\/fr\/produit\/cs-cart\/","title":{"rendered":"CS 2 CART"},"content":{"rendered":"","protected":false},"excerpt":{"rendered":"<p>La CS2 CART de Cassese est une assembleuse pneumatique tr\u00e8s simple d\u2019utilisation. Elle a la capacit\u00e9 d\u2019assembler n&rsquo;importe quelle taille de cadre (avec une hauteur maximale de 85 mm).<\/p>\n<p>Gr\u00e2ce \u00e0 son v\u00e9rin pneumatique, la CS 2 CART permet un assemblage sans effort tout en assurant une qualit\u00e9 d&rsquo;assemblage parfaite gr\u00e2ce au syst\u00e8me brevet\u00e9 \u00ab Smart Wedge Drive Systemtm \u00bb (autor\u00e9gulation de la pression d\u2019agrafage).<\/p>\n<p>La CS2 CART utilise des agrafes en chargeur Cassese, reconnues aujourd&rsquo;hui comme les meilleures du march\u00e9 et permettant de charger la machine plus rapidement.<\/p>\n","protected":false},"featured_media":1692,"template":"","meta":[],"product_cat":[37],"product_tag":[],"class_list":["post-1371","product","type-product","status-publish","has-post-thumbnail","hentry","product_cat-assembleuses"],"acf":[],"_links":{"self":[{"href":"https:\/\/cassese-dev.plateforme37.fr\/fr\/wp-json\/wp\/v2\/product\/1371","targetHints":{"allow":["GET"]}}],"collection":[{"href":"https:\/\/cassese-dev.plateforme37.fr\/fr\/wp-json\/wp\/v2\/product"}],"about":[{"href":"https:\/\/cassese-dev.plateforme37.fr\/fr\/wp-json\/wp\/v2\/types\/product"}],"wp:featuredmedia":[{"embeddable":true,"href":"https:\/\/cassese-dev.plateforme37.fr\/fr\/wp-json\/wp\/v2\/media\/1692"}],"wp:attachment":[{"href":"https:\/\/cassese-dev.plateforme37.fr\/fr\/wp-json\/wp\/v2\/media?parent=1371"}],"wp:term":[{"taxonomy":"product_cat","embeddable":true,"href":"https:\/\/cassese-dev.plateforme37.fr\/fr\/wp-json\/wp\/v2\/product_cat?post=1371"},{"taxonomy":"product_tag","embeddable":true,"href":"https:\/\/cassese-dev.plateforme37.fr\/fr\/wp-json\/wp\/v2\/product_tag?post=1371"}],"curies":[{"name":"wp","href":"https:\/\/api.w.org\/{rel}","templated":true}]}}