{"id":1370,"date":"2022-06-08T15:36:31","date_gmt":"2022-06-08T13:36:31","guid":{"rendered":"https:\/\/cassese-dev.plateforme37.fr\/produit\/cs-1-uni\/"},"modified":"2022-11-21T12:29:51","modified_gmt":"2022-11-21T11:29:51","slug":"cs-1-uni","status":"publish","type":"product","link":"https:\/\/cassese-dev.plateforme37.fr\/fr\/produit\/cs-1-uni\/","title":{"rendered":"CS 1 UNI"},"content":{"rendered":"","protected":false},"excerpt":{"rendered":"<p>La CS1 UNI de Cassese est une assembleuse \u00e0 p\u00e9dale tr\u00e8s simple d\u2019utilisation. Elle a la capacit\u00e9 d\u2019assembler n&rsquo;importe quelle taille de cadre (avec une hauteur maximale de 100 mm). Cette assembleuse est tr\u00e8s abordable tout en assurant une grande qualit\u00e9 d&rsquo;assemblage. Son nouveau c\u00e2ble renforc\u00e9 pour la p\u00e9dale assure robustesse et long\u00e9vit\u00e9 de la machine. La CS1 UNI fonctionne avec des agrafes \u201cUNI\u201d et dispose d&rsquo;un syst\u00e8me facile de chargement des agrafes afin de minimiser la perte de temps.<\/p>\n","protected":false},"featured_media":1690,"template":"","meta":[],"product_cat":[37],"product_tag":[],"class_list":["post-1370","product","type-product","status-publish","has-post-thumbnail","hentry","product_cat-assembleuses"],"acf":[],"_links":{"self":[{"href":"https:\/\/cassese-dev.plateforme37.fr\/fr\/wp-json\/wp\/v2\/product\/1370","targetHints":{"allow":["GET"]}}],"collection":[{"href":"https:\/\/cassese-dev.plateforme37.fr\/fr\/wp-json\/wp\/v2\/product"}],"about":[{"href":"https:\/\/cassese-dev.plateforme37.fr\/fr\/wp-json\/wp\/v2\/types\/product"}],"wp:featuredmedia":[{"embeddable":true,"href":"https:\/\/cassese-dev.plateforme37.fr\/fr\/wp-json\/wp\/v2\/media\/1690"}],"wp:attachment":[{"href":"https:\/\/cassese-dev.plateforme37.fr\/fr\/wp-json\/wp\/v2\/media?parent=1370"}],"wp:term":[{"taxonomy":"product_cat","embeddable":true,"href":"https:\/\/cassese-dev.plateforme37.fr\/fr\/wp-json\/wp\/v2\/product_cat?post=1370"},{"taxonomy":"product_tag","embeddable":true,"href":"https:\/\/cassese-dev.plateforme37.fr\/fr\/wp-json\/wp\/v2\/product_tag?post=1370"}],"curies":[{"name":"wp","href":"https:\/\/api.w.org\/{rel}","templated":true}]}}