{"id":1369,"date":"2022-06-08T15:25:56","date_gmt":"2022-06-08T13:25:56","guid":{"rendered":"https:\/\/cassese-dev.plateforme37.fr\/produit\/cs-1-cart\/"},"modified":"2022-11-21T12:24:39","modified_gmt":"2022-11-21T11:24:39","slug":"cs-1-cart","status":"publish","type":"product","link":"https:\/\/cassese-dev.plateforme37.fr\/fr\/produit\/cs-1-cart\/","title":{"rendered":"CS 1 CART"},"content":{"rendered":"","protected":false},"excerpt":{"rendered":"<p>La CS1 CART de Cassese\u00a0est une assembleuse \u00e0 p\u00e9dale tr\u00e8s simple\u00a0d\u2019utilisation. Elle a la capacit\u00e9 d\u2019assembler\u00a0n&rsquo;importe quelle taille de cadre (avec une\u00a0hauteur maximale de 85 mm).<\/p>\n<p>Cette assembleuse est tr\u00e8s abordable tout en\u00a0assurant une grande qualit\u00e9 d&rsquo;assemblage.\u00a0Son nouveau c\u00e2ble renforc\u00e9 pour la p\u00e9dale\u00a0assure robustesse et long\u00e9vit\u00e9 de la machine.<\/p>\n<p>Le CS1 CART utilise des agrafes en chargeur\u00a0Cassese, reconnues aujourd&rsquo;hui comme les\u00a0meilleures du march\u00e9 et permettant de\u00a0charger la machine plus rapidement.<\/p>\n","protected":false},"featured_media":1688,"template":"","meta":[],"product_cat":[37],"product_tag":[],"class_list":["post-1369","product","type-product","status-publish","has-post-thumbnail","hentry","product_cat-assembleuses"],"acf":[],"_links":{"self":[{"href":"https:\/\/cassese-dev.plateforme37.fr\/fr\/wp-json\/wp\/v2\/product\/1369","targetHints":{"allow":["GET"]}}],"collection":[{"href":"https:\/\/cassese-dev.plateforme37.fr\/fr\/wp-json\/wp\/v2\/product"}],"about":[{"href":"https:\/\/cassese-dev.plateforme37.fr\/fr\/wp-json\/wp\/v2\/types\/product"}],"wp:featuredmedia":[{"embeddable":true,"href":"https:\/\/cassese-dev.plateforme37.fr\/fr\/wp-json\/wp\/v2\/media\/1688"}],"wp:attachment":[{"href":"https:\/\/cassese-dev.plateforme37.fr\/fr\/wp-json\/wp\/v2\/media?parent=1369"}],"wp:term":[{"taxonomy":"product_cat","embeddable":true,"href":"https:\/\/cassese-dev.plateforme37.fr\/fr\/wp-json\/wp\/v2\/product_cat?post=1369"},{"taxonomy":"product_tag","embeddable":true,"href":"https:\/\/cassese-dev.plateforme37.fr\/fr\/wp-json\/wp\/v2\/product_tag?post=1369"}],"curies":[{"name":"wp","href":"https:\/\/api.w.org\/{rel}","templated":true}]}}