{"id":1367,"date":"2022-06-08T16:22:54","date_gmt":"2022-06-08T14:22:54","guid":{"rendered":"https:\/\/cassese-dev.plateforme37.fr\/produit\/the-smartstop\/"},"modified":"2022-11-21T13:19:13","modified_gmt":"2022-11-21T12:19:13","slug":"the-smartstop","status":"publish","type":"product","link":"https:\/\/cassese-dev.plateforme37.fr\/fr\/produit\/the-smartstop\/","title":{"rendered":"SMARTSTOP"},"content":{"rendered":"","protected":false},"excerpt":{"rendered":"<p>Le syst\u00eame SmartStop\u2122 de Cassese est une but\u00e9e num\u00e9ris\u00e9e sp\u00e9cialement con\u00e7ue pour les machines de coupe CS969 et CS999. Elle a \u00e9t\u00e9 con\u00e7ue pour les services de d\u00e9coupe (chop-service) et industriels souhaitant am\u00e9liorer leur production et minimiser les erreurs des op\u00e9rateurs.<\/p>\n<p>Le syst\u00e8me SMARTSTOP\u2122 est disponible en deux version : 2 m\u00e8tres ou 3 m\u00e8tres.<\/p>\n<p>Son \u00e9cran tactile permet de r\u00e9gler rapidement les tailles de cadre souhait\u00e9es. L&rsquo;op\u00e9rateur peut \u00e9galement m\u00e9moriser les dimensions des cadres (jusqu&rsquo;\u00e0 60 tailles de cadres diff\u00e9rentes).<\/p>\n<p>Le syst\u00e8me SmartStop\u2122 peut fonctionner en 9 langues diff\u00e9rentes : anglais, espagnol, fran\u00e7ais, allemand, n\u00e9erlandais, italien, japonais, chinois et russe.<\/p>\n","protected":false},"featured_media":1844,"template":"","meta":[],"product_cat":[36],"product_tag":[],"class_list":["post-1367","product","type-product","status-publish","has-post-thumbnail","hentry","product_cat-machines-de-coupe"],"acf":[],"_links":{"self":[{"href":"https:\/\/cassese-dev.plateforme37.fr\/fr\/wp-json\/wp\/v2\/product\/1367","targetHints":{"allow":["GET"]}}],"collection":[{"href":"https:\/\/cassese-dev.plateforme37.fr\/fr\/wp-json\/wp\/v2\/product"}],"about":[{"href":"https:\/\/cassese-dev.plateforme37.fr\/fr\/wp-json\/wp\/v2\/types\/product"}],"wp:featuredmedia":[{"embeddable":true,"href":"https:\/\/cassese-dev.plateforme37.fr\/fr\/wp-json\/wp\/v2\/media\/1844"}],"wp:attachment":[{"href":"https:\/\/cassese-dev.plateforme37.fr\/fr\/wp-json\/wp\/v2\/media?parent=1367"}],"wp:term":[{"taxonomy":"product_cat","embeddable":true,"href":"https:\/\/cassese-dev.plateforme37.fr\/fr\/wp-json\/wp\/v2\/product_cat?post=1367"},{"taxonomy":"product_tag","embeddable":true,"href":"https:\/\/cassese-dev.plateforme37.fr\/fr\/wp-json\/wp\/v2\/product_tag?post=1367"}],"curies":[{"name":"wp","href":"https:\/\/api.w.org\/{rel}","templated":true}]}}