{"id":1366,"date":"2022-06-08T16:19:24","date_gmt":"2022-06-08T14:19:24","guid":{"rendered":"https:\/\/cassese-dev.plateforme37.fr\/produit\/cs-999\/"},"modified":"2022-11-21T13:15:50","modified_gmt":"2022-11-21T12:15:50","slug":"cs-999","status":"publish","type":"product","link":"https:\/\/cassese-dev.plateforme37.fr\/fr\/produit\/cs-999\/","title":{"rendered":"CS 999"},"content":{"rendered":"","protected":false},"excerpt":{"rendered":"<h2><\/h2>\n<p>La CS999 de Cassese est une scie automatique \u00e0 double lames 45\u00b0. La CS999 est aujourd&rsquo;hui reconnue comme \u00e9tant une scie \u00e0 haute vitesse (jusqu&rsquo;\u00e0 1 000 coupes par heure) avec une parfaite qualit\u00e9 de coupe pour les moulures de cadres, en bois, MDF et plastique.<\/p>\n<p>Gr\u00e2ce \u00e0 une course de coupe verticale, avec des lames r\u00e9glables en hauteur, vous augmenterez la vitesse de coupe et votre productivit\u00e9.<\/p>\n<p>Sa base massive en b\u00e9ton absorbe les vibrations pour des coupes absolument parfaites, vous assurant un assemblage optimal de vos cadres.<\/p>\n","protected":false},"featured_media":1716,"template":"","meta":[],"product_cat":[36],"product_tag":[],"class_list":["post-1366","product","type-product","status-publish","has-post-thumbnail","hentry","product_cat-machines-de-coupe"],"acf":[],"_links":{"self":[{"href":"https:\/\/cassese-dev.plateforme37.fr\/fr\/wp-json\/wp\/v2\/product\/1366","targetHints":{"allow":["GET"]}}],"collection":[{"href":"https:\/\/cassese-dev.plateforme37.fr\/fr\/wp-json\/wp\/v2\/product"}],"about":[{"href":"https:\/\/cassese-dev.plateforme37.fr\/fr\/wp-json\/wp\/v2\/types\/product"}],"wp:featuredmedia":[{"embeddable":true,"href":"https:\/\/cassese-dev.plateforme37.fr\/fr\/wp-json\/wp\/v2\/media\/1716"}],"wp:attachment":[{"href":"https:\/\/cassese-dev.plateforme37.fr\/fr\/wp-json\/wp\/v2\/media?parent=1366"}],"wp:term":[{"taxonomy":"product_cat","embeddable":true,"href":"https:\/\/cassese-dev.plateforme37.fr\/fr\/wp-json\/wp\/v2\/product_cat?post=1366"},{"taxonomy":"product_tag","embeddable":true,"href":"https:\/\/cassese-dev.plateforme37.fr\/fr\/wp-json\/wp\/v2\/product_tag?post=1366"}],"curies":[{"name":"wp","href":"https:\/\/api.w.org\/{rel}","templated":true}]}}