{"id":1365,"date":"2022-05-05T10:20:11","date_gmt":"2022-05-05T08:20:11","guid":{"rendered":"https:\/\/cassese-dev.plateforme37.fr\/produit\/cs-55-m2\/"},"modified":"2022-11-21T13:03:04","modified_gmt":"2022-11-21T12:03:04","slug":"cs-55-m2","status":"publish","type":"product","link":"https:\/\/cassese-dev.plateforme37.fr\/fr\/produit\/cs-55-m2\/","title":{"rendered":"CS 55 M2"},"content":{"rendered":"","protected":false},"excerpt":{"rendered":"<p>La CS55M2 de Cassese est une guillotine \u00e0 coupe d\u2019onglets \u00e0 p\u00e9dale. Rapide et silencieuse, cette guillotine est \u00e9galement tr\u00e8s simple d\u2019utilisation.<\/p>\n<p>Son syst\u00e8me de supports de feuillures auto-r\u00e9glables brevet\u00e9 permet un r\u00e9glage rapide et pr\u00e9cis de la hauteur.<\/p>\n<p>La CS55M2 assure une parfaite s\u00e9curit\u00e9 \u00e0 l\u2019op\u00e9rateur gr\u00e2ce \u00e0 son \u00e9cran de protection transparent et ses goupilles de maintien et de pr\u00e9-positionnement des couteaux.<\/p>\n","protected":false},"featured_media":1710,"template":"","meta":[],"product_cat":[36],"product_tag":[],"class_list":["post-1365","product","type-product","status-publish","has-post-thumbnail","hentry","product_cat-machines-de-coupe"],"acf":[],"_links":{"self":[{"href":"https:\/\/cassese-dev.plateforme37.fr\/fr\/wp-json\/wp\/v2\/product\/1365","targetHints":{"allow":["GET"]}}],"collection":[{"href":"https:\/\/cassese-dev.plateforme37.fr\/fr\/wp-json\/wp\/v2\/product"}],"about":[{"href":"https:\/\/cassese-dev.plateforme37.fr\/fr\/wp-json\/wp\/v2\/types\/product"}],"wp:featuredmedia":[{"embeddable":true,"href":"https:\/\/cassese-dev.plateforme37.fr\/fr\/wp-json\/wp\/v2\/media\/1710"}],"wp:attachment":[{"href":"https:\/\/cassese-dev.plateforme37.fr\/fr\/wp-json\/wp\/v2\/media?parent=1365"}],"wp:term":[{"taxonomy":"product_cat","embeddable":true,"href":"https:\/\/cassese-dev.plateforme37.fr\/fr\/wp-json\/wp\/v2\/product_cat?post=1365"},{"taxonomy":"product_tag","embeddable":true,"href":"https:\/\/cassese-dev.plateforme37.fr\/fr\/wp-json\/wp\/v2\/product_tag?post=1365"}],"curies":[{"name":"wp","href":"https:\/\/api.w.org\/{rel}","templated":true}]}}