{"id":1364,"date":"2022-05-09T11:50:38","date_gmt":"2022-05-09T09:50:38","guid":{"rendered":"https:\/\/cassese-dev.plateforme37.fr\/produit\/cs-969\/"},"modified":"2022-11-21T13:07:25","modified_gmt":"2022-11-21T12:07:25","slug":"cs-969","status":"publish","type":"product","link":"https:\/\/cassese-dev.plateforme37.fr\/fr\/produit\/cs-969\/","title":{"rendered":"CS 969"},"content":{"rendered":"","protected":false},"excerpt":{"rendered":"<p>La CS969 de Cassese est une scie automatique \u00e0 double lames 45\u00b0. La CS 969 est aujourd&rsquo;hui reconnue comme \u00e9tant la scie avec la meilleure qualit\u00e9 de coupe pour les moulures en bois, MDF et plastique.<\/p>\n<p>Gr\u00e2ce \u00e0 une course de lame horizontale, vous \u00eates assur\u00e9 d&rsquo;avoir une coupe de haute qualit\u00e9 et sans pertes, vous faisant \u00e9conomiser de nombreux m\u00e8tres de moulures.<\/p>\n<p>Avec le CS969, vous pourrez couper des moulures larges et hautes avec une qualit\u00e9 de coupe parfaite, vous assurant un assemblage optimal de vos cadres.<\/p>\n","protected":false},"featured_media":1714,"template":"","meta":[],"product_cat":[36],"product_tag":[],"class_list":["post-1364","product","type-product","status-publish","has-post-thumbnail","hentry","product_cat-machines-de-coupe"],"acf":[],"_links":{"self":[{"href":"https:\/\/cassese-dev.plateforme37.fr\/fr\/wp-json\/wp\/v2\/product\/1364","targetHints":{"allow":["GET"]}}],"collection":[{"href":"https:\/\/cassese-dev.plateforme37.fr\/fr\/wp-json\/wp\/v2\/product"}],"about":[{"href":"https:\/\/cassese-dev.plateforme37.fr\/fr\/wp-json\/wp\/v2\/types\/product"}],"wp:featuredmedia":[{"embeddable":true,"href":"https:\/\/cassese-dev.plateforme37.fr\/fr\/wp-json\/wp\/v2\/media\/1714"}],"wp:attachment":[{"href":"https:\/\/cassese-dev.plateforme37.fr\/fr\/wp-json\/wp\/v2\/media?parent=1364"}],"wp:term":[{"taxonomy":"product_cat","embeddable":true,"href":"https:\/\/cassese-dev.plateforme37.fr\/fr\/wp-json\/wp\/v2\/product_cat?post=1364"},{"taxonomy":"product_tag","embeddable":true,"href":"https:\/\/cassese-dev.plateforme37.fr\/fr\/wp-json\/wp\/v2\/product_tag?post=1364"}],"curies":[{"name":"wp","href":"https:\/\/api.w.org\/{rel}","templated":true}]}}