{"id":1339,"date":"2022-05-09T11:45:31","date_gmt":"2022-05-09T09:45:31","guid":{"rendered":"https:\/\/cassese-dev.plateforme37.fr\/produit\/cs-940\/"},"modified":"2022-11-21T13:05:10","modified_gmt":"2022-11-21T12:05:10","slug":"cs-940","status":"publish","type":"product","link":"https:\/\/cassese-dev.plateforme37.fr\/fr\/produit\/cs-940\/","title":{"rendered":"CS 940"},"content":{"rendered":"","protected":false},"excerpt":{"rendered":"<p>La CS940 de Cassese est une scie manuelle \u00e0 double lames 45\u00b0. La CS940 est reconnue aujourd&rsquo;hui comme \u00e9tant l&rsquo;une des scies manuelles \u00e0 double lames avec la meilleure qualit\u00e9 de coupe pour les moulures en bois, MDF et plastique.<\/p>\n<p>Le mouvement de coupe ind\u00e9pendant et contr\u00f4l\u00e9 manuellement vous offre une maitrise totale et une qualit\u00e9 de coupe parfaite.<\/p>\n<p>Le carter de t\u00eate de coupe et les 2 bras robustes en acier Alusi\u00ae de qualit\u00e9 sup\u00e9rieure renforcent la robustesse de la machine.<\/p>\n<p>La CS940 a \u00e9t\u00e9 con\u00e7ue dans le but d&rsquo;avoir la meilleure qualit\u00e9 de coupe tout en assurant une s\u00e9curit\u00e9 maximale.<\/p>\n","protected":false},"featured_media":1712,"template":"","meta":[],"product_cat":[36],"product_tag":[],"class_list":["post-1339","product","type-product","status-publish","has-post-thumbnail","hentry","product_cat-machines-de-coupe"],"acf":[],"_links":{"self":[{"href":"https:\/\/cassese-dev.plateforme37.fr\/fr\/wp-json\/wp\/v2\/product\/1339","targetHints":{"allow":["GET"]}}],"collection":[{"href":"https:\/\/cassese-dev.plateforme37.fr\/fr\/wp-json\/wp\/v2\/product"}],"about":[{"href":"https:\/\/cassese-dev.plateforme37.fr\/fr\/wp-json\/wp\/v2\/types\/product"}],"wp:featuredmedia":[{"embeddable":true,"href":"https:\/\/cassese-dev.plateforme37.fr\/fr\/wp-json\/wp\/v2\/media\/1712"}],"wp:attachment":[{"href":"https:\/\/cassese-dev.plateforme37.fr\/fr\/wp-json\/wp\/v2\/media?parent=1339"}],"wp:term":[{"taxonomy":"product_cat","embeddable":true,"href":"https:\/\/cassese-dev.plateforme37.fr\/fr\/wp-json\/wp\/v2\/product_cat?post=1339"},{"taxonomy":"product_tag","embeddable":true,"href":"https:\/\/cassese-dev.plateforme37.fr\/fr\/wp-json\/wp\/v2\/product_tag?post=1339"}],"curies":[{"name":"wp","href":"https:\/\/api.w.org\/{rel}","templated":true}]}}