{"id":1458,"date":"2022-04-25T12:16:12","date_gmt":"2022-04-25T10:16:12","guid":{"rendered":"https:\/\/cassese-dev.plateforme37.fr\/?page_id=1458"},"modified":"2022-10-28T22:01:37","modified_gmt":"2022-10-28T20:01:37","slug":"actualite","status":"publish","type":"page","link":"https:\/\/cassese-dev.plateforme37.fr\/fr\/actualite\/","title":{"rendered":"Actualit\u00e9"},"content":{"rendered":"<p><div class=\"fusion-fullwidth fullwidth-box fusion-builder-row-1 fusion-flex-container nonhundred-percent-fullwidth non-hundred-percent-height-scrolling\" style=\"--awb-border-radius-top-left:0px;--awb-border-radius-top-right:0px;--awb-border-radius-bottom-right:0px;--awb-border-radius-bottom-left:0px;--awb-flex-wrap:wrap;\" ><div class=\"fusion-builder-row fusion-row fusion-flex-align-items-flex-start fusion-flex-content-wrap\" style=\"max-width:1248px;margin-left: calc(-4% \/ 2 );margin-right: calc(-4% \/ 2 );\"><div class=\"fusion-layout-column fusion_builder_column fusion-builder-column-0 fusion_builder_column_1_1 1_1 fusion-flex-column\" style=\"--awb-bg-size:cover;--awb-width-large:100%;--awb-margin-top-large:0px;--awb-spacing-right-large:1.92%;--awb-margin-bottom-large:20px;--awb-spacing-left-large:1.92%;--awb-width-medium:100%;--awb-order-medium:0;--awb-spacing-right-medium:1.92%;--awb-spacing-left-medium:1.92%;--awb-width-small:100%;--awb-order-small:0;--awb-spacing-right-small:1.92%;--awb-spacing-left-small:1.92%;\"><div class=\"fusion-column-wrapper fusion-column-has-shadow fusion-flex-justify-content-flex-start fusion-content-layout-column\"><div class=\"fusion-title title fusion-title-1 fusion-sep-none fusion-title-text fusion-title-size-one\"><h1 class=\"fusion-title-heading title-heading-left fusion-responsive-typography-calculated\" style=\"margin:0;--fontSize:100;line-height:1.16;\">Actualit\u00e9s<\/h1><\/div><\/div><\/div><\/div><\/div><div class=\"fusion-fullwidth fullwidth-box fusion-builder-row-2 fusion-flex-container nonhundred-percent-fullwidth non-hundred-percent-height-scrolling\" style=\"--awb-border-radius-top-left:0px;--awb-border-radius-top-right:0px;--awb-border-radius-bottom-right:0px;--awb-border-radius-bottom-left:0px;--awb-flex-wrap:wrap;\" ><div class=\"fusion-builder-row fusion-row fusion-flex-align-items-flex-start fusion-flex-content-wrap\" style=\"max-width:1248px;margin-left: calc(-4% \/ 2 );margin-right: calc(-4% \/ 2 );\"><div class=\"fusion-layout-column fusion_builder_column fusion-builder-column-1 fusion_builder_column_1_1 1_1 fusion-flex-column\" style=\"--awb-bg-size:cover;--awb-width-large:100%;--awb-margin-top-large:0px;--awb-spacing-right-large:1.92%;--awb-margin-bottom-large:20px;--awb-spacing-left-large:1.92%;--awb-width-medium:100%;--awb-order-medium:0;--awb-spacing-right-medium:1.92%;--awb-spacing-left-medium:1.92%;--awb-width-small:100%;--awb-order-small:0;--awb-spacing-right-small:1.92%;--awb-spacing-left-small:1.92%;\"><div class=\"fusion-column-wrapper fusion-column-has-shadow fusion-flex-justify-content-flex-start fusion-content-layout-column\"><div class=\"fusion-blog-shortcode fusion-blog-shortcode-1 fusion-blog-archive fusion-blog-layout-grid-wrapper fusion-blog-no top-blog\"><style type=\"text\/css\">.fusion-blog-shortcode-1 .fusion-blog-layout-grid .fusion-post-grid{padding:20px;}.fusion-blog-shortcode-1 .fusion-posts-container{margin-left: -20px !important; margin-right:-20px !important;}<\/style><div class=\"fusion-posts-container fusion-posts-container-no fusion-blog-layout-grid fusion-blog-layout-grid-1 isotope\" data-pages=\"3\" data-grid-col-space=\"40\" style=\"margin: -20px -20px 0;min-height:500px;\"><article id=\"blog-1-post-1798\" class=\"fusion-post-grid post-1798 post type-post status-publish format-standard has-post-thumbnail hentry category-non-classifiee\">\n<div class=\"fusion-post-wrapper\" style=\"background-color:rgba(255,255,255,0);border:1px solid #f2f3f5;border-bottom-width:3px;\">\n\n\t\t\t<div class=\"fusion-flexslider flexslider fusion-flexslider-loading fusion-post-slideshow\" style=\"border-color:#f2f3f5;\">\n\t\t<ul class=\"slides\">\n\t\t\t\n\t\t\t\t\t\t\t\t\t\t\t\t\t\t<li><div  class=\"fusion-image-wrapper\" aria-haspopup=\"true\">\n\t\t\t\t\t\t\t<a href=\"https:\/\/cassese-dev.plateforme37.fr\/fr\/2022\/11\/nouvelle-option-laser-pour-la-v-force-2-cart\/\" aria-label=\"Nouvelle option laser pour la V-FORCE 2 Cart\">\n\t\t\t\t\t\t\t<img decoding=\"async\" width=\"1280\" height=\"720\" src=\"https:\/\/cassese-dev.plateforme37.fr\/wp-content\/uploads\/2022\/11\/CASSESE-Actulite2.png\" class=\"attachment-full size-full wp-post-image\" alt=\"\" srcset=\"https:\/\/cassese-dev.plateforme37.fr\/wp-content\/uploads\/2022\/11\/CASSESE-Actulite2-200x113.png 200w, https:\/\/cassese-dev.plateforme37.fr\/wp-content\/uploads\/2022\/11\/CASSESE-Actulite2-400x225.png 400w, https:\/\/cassese-dev.plateforme37.fr\/wp-content\/uploads\/2022\/11\/CASSESE-Actulite2-600x338.png 600w, https:\/\/cassese-dev.plateforme37.fr\/wp-content\/uploads\/2022\/11\/CASSESE-Actulite2-800x450.png 800w, https:\/\/cassese-dev.plateforme37.fr\/wp-content\/uploads\/2022\/11\/CASSESE-Actulite2-1200x675.png 1200w, https:\/\/cassese-dev.plateforme37.fr\/wp-content\/uploads\/2022\/11\/CASSESE-Actulite2.png 1280w\" sizes=\"(min-width: 2200px) 100vw, (min-width: 640px) 1200px, \" \/>\t\t\t<\/a>\n\t\t\t\t\t\t\t<\/div>\n<\/li>\n\t\t\t\n\t\t\t\n\t\t\t\t\t\t\t\t\t\t\t\t\t\t\t\t\t\t\t\t\t\t\t\t\t\t\t\t\t\t\t\t\t\t\t\t\t\t\t\t\t\t\t\t\t\t\t\t\t\t\t\t\t\t\t\t\t\t\t\t\t\t\t\t\t\t\t\t<\/ul>\n\t<\/div>\n\t<div class=\"fusion-post-content-wrapper\" style=\"padding:30px 25px 25px 25px;\"><div class=\"fusion-post-content post-content\"><h2 class=\"blog-shortcode-post-title entry-title\"><a href=\"https:\/\/cassese-dev.plateforme37.fr\/fr\/2022\/11\/nouvelle-option-laser-pour-la-v-force-2-cart\/\">Nouvelle option laser pour la V-FORCE 2 Cart<\/a><\/h2><p class=\"fusion-single-line-meta\"><span class=\"vcard\" style=\"display: none;\"><span class=\"fn\"><a href=\"https:\/\/cassese-dev.plateforme37.fr\/fr\/author\/jean-marie-guero\/\" title=\"Articles par Jean-Marie GUERO\" rel=\"author\">Jean-Marie GUERO<\/a><\/span><\/span><span class=\"updated\" style=\"display:none;\">2022-11-08T15:24:09+01:00<\/span><span>8 novembre 2022<\/span><span class=\"fusion-inline-sep\">|<\/span><\/p><div class=\"fusion-content-sep sep-none\"><\/div><div class=\"fusion-post-content-container\"><p>Dans le cadre du lancement de la nouvelle assembleuse \u00e9lectronique V-FORCE 2, nous vous proposons un accessoire optionnel r\u00e9volutionnaire : le syst\u00e8me de param\u00e9trage automatique d\u2019agrafage. Gr\u00e2ce \u00e0 un laser de haute technologie, vous pouvez scanner votre moulure et la machine vous proposera les meilleurs positions, nombres et dimensions d\u2019agrafes [...]<\/p><\/div><\/div><div class=\"fusion-meta-info\"><div class=\"fusion-alignleft\"><a class=\"fusion-read-more\" href=\"https:\/\/cassese-dev.plateforme37.fr\/fr\/2022\/11\/nouvelle-option-laser-pour-la-v-force-2-cart\/\" aria-label=\"More on Nouvelle option laser pour la V-FORCE 2 Cart\">Read More<\/a><\/div><\/div><\/div><div class=\"fusion-clearfix\"><\/div><\/div>\n<\/article>\n<div class=\"fusion-clearfix\"><\/div><\/div><\/div><\/div><\/div><\/div><\/div><div class=\"fusion-fullwidth fullwidth-box fusion-builder-row-3 fusion-flex-container has-pattern-background has-mask-background nonhundred-percent-fullwidth non-hundred-percent-height-scrolling\" style=\"--awb-border-radius-top-left:0px;--awb-border-radius-top-right:0px;--awb-border-radius-bottom-right:0px;--awb-border-radius-bottom-left:0px;--awb-margin-top:60px;--awb-flex-wrap:wrap;\" ><div class=\"fusion-builder-row fusion-row fusion-flex-align-items-flex-start fusion-flex-content-wrap\" style=\"max-width:1248px;margin-left: calc(-4% \/ 2 );margin-right: calc(-4% \/ 2 );\"><div class=\"fusion-layout-column fusion_builder_column fusion-builder-column-2 fusion_builder_column_1_1 1_1 fusion-flex-column\" style=\"--awb-bg-size:cover;--awb-width-large:100%;--awb-margin-top-large:0px;--awb-spacing-right-large:1.92%;--awb-margin-bottom-large:20px;--awb-spacing-left-large:1.92%;--awb-width-medium:100%;--awb-order-medium:0;--awb-spacing-right-medium:1.92%;--awb-spacing-left-medium:1.92%;--awb-width-small:100%;--awb-order-small:0;--awb-spacing-right-small:1.92%;--awb-spacing-left-small:1.92%;\"><div class=\"fusion-column-wrapper fusion-column-has-shadow fusion-flex-justify-content-flex-start fusion-content-layout-column\"><div class=\"fusion-blog-shortcode fusion-blog-shortcode-2 fusion-blog-archive fusion-blog-layout-grid-wrapper fusion-blog-pagination bottom-blog\"><style type=\"text\/css\">.fusion-blog-shortcode-2 .fusion-blog-layout-grid .fusion-post-grid{padding:20px;}.fusion-blog-shortcode-2 .fusion-posts-container{margin-left: -20px !important; margin-right:-20px !important;}<\/style><div class=\"fusion-posts-container fusion-posts-container-pagination fusion-blog-layout-grid fusion-blog-layout-grid-3 isotope\" data-pages=\"1\" data-grid-col-space=\"40\" style=\"margin: -20px -20px 0;min-height:500px;\"><article id=\"blog-2-post-1795\" class=\"fusion-post-grid post-1795 post type-post status-publish format-standard has-post-thumbnail hentry category-non-classifiee\">\n<div class=\"fusion-post-wrapper\" style=\"background-color:rgba(255,255,255,0);border:1px solid #f2f3f5;border-bottom-width:3px;\">\n\n\t\t\t<div class=\"fusion-flexslider flexslider fusion-flexslider-loading fusion-post-slideshow\" style=\"border-color:#f2f3f5;\">\n\t\t<ul class=\"slides\">\n\t\t\t\n\t\t\t\t\t\t\t\t\t\t\t\t\t\t<li><div  class=\"fusion-image-wrapper\" aria-haspopup=\"true\">\n\t\t\t\t\t\t\t<a href=\"https:\/\/cassese-dev.plateforme37.fr\/fr\/2022\/11\/v-force-1-v-force-2-nouvelles-assembleuses-electroniques\/\" aria-label=\"V-FORCE 1 &#038; V-FORCE 2 : nouvelles assembleuses \u00e9lectroniques\">\n\t\t\t\t\t\t\t<img decoding=\"async\" width=\"1280\" height=\"720\" src=\"https:\/\/cassese-dev.plateforme37.fr\/wp-content\/uploads\/2022\/11\/CASSESE-Actulite3.png\" class=\"attachment-full size-full wp-post-image\" alt=\"\" srcset=\"https:\/\/cassese-dev.plateforme37.fr\/wp-content\/uploads\/2022\/11\/CASSESE-Actulite3-200x113.png 200w, https:\/\/cassese-dev.plateforme37.fr\/wp-content\/uploads\/2022\/11\/CASSESE-Actulite3-400x225.png 400w, https:\/\/cassese-dev.plateforme37.fr\/wp-content\/uploads\/2022\/11\/CASSESE-Actulite3-600x338.png 600w, https:\/\/cassese-dev.plateforme37.fr\/wp-content\/uploads\/2022\/11\/CASSESE-Actulite3-800x450.png 800w, https:\/\/cassese-dev.plateforme37.fr\/wp-content\/uploads\/2022\/11\/CASSESE-Actulite3-1200x675.png 1200w, https:\/\/cassese-dev.plateforme37.fr\/wp-content\/uploads\/2022\/11\/CASSESE-Actulite3.png 1280w\" sizes=\"(min-width: 2200px) 100vw, (min-width: 784px) 373px, (min-width: 712px) 560px, (min-width: 640px) 712px, \" \/>\t\t\t<\/a>\n\t\t\t\t\t\t\t<\/div>\n<\/li>\n\t\t\t\n\t\t\t\n\t\t\t\t\t\t\t\t\t\t\t\t\t\t\t\t\t\t\t\t\t\t\t\t\t\t\t\t\t\t\t\t\t\t\t\t\t\t\t\t\t\t\t\t\t\t\t\t\t\t\t\t\t\t\t\t\t\t\t\t\t\t\t\t\t\t\t\t<\/ul>\n\t<\/div>\n\t<div class=\"fusion-post-content-wrapper\" style=\"padding:30px 25px 25px 25px;\"><div class=\"fusion-post-content post-content\"><h2 class=\"blog-shortcode-post-title entry-title\"><a href=\"https:\/\/cassese-dev.plateforme37.fr\/fr\/2022\/11\/v-force-1-v-force-2-nouvelles-assembleuses-electroniques\/\">V-FORCE 1 &#038; V-FORCE 2 : nouvelles assembleuses \u00e9lectroniques<\/a><\/h2><p class=\"fusion-single-line-meta\"><span class=\"vcard\" style=\"display: none;\"><span class=\"fn\"><a href=\"https:\/\/cassese-dev.plateforme37.fr\/fr\/author\/jean-marie-guero\/\" title=\"Articles par Jean-Marie GUERO\" rel=\"author\">Jean-Marie GUERO<\/a><\/span><\/span><span class=\"updated\" style=\"display:none;\">2022-11-08T12:12:08+01:00<\/span><span>8 novembre 2022<\/span><span class=\"fusion-inline-sep\">|<\/span><\/p><\/div><\/div><div class=\"fusion-clearfix\"><\/div><\/div>\n<\/article>\n<article id=\"blog-2-post-1792\" class=\"fusion-post-grid post-1792 post type-post status-publish format-standard has-post-thumbnail hentry category-non-classifiee\">\n<div class=\"fusion-post-wrapper\" style=\"background-color:rgba(255,255,255,0);border:1px solid #f2f3f5;border-bottom-width:3px;\">\n\n\t\t\t<div class=\"fusion-flexslider flexslider fusion-flexslider-loading fusion-post-slideshow\" style=\"border-color:#f2f3f5;\">\n\t\t<ul class=\"slides\">\n\t\t\t\n\t\t\t\t\t\t\t\t\t\t\t\t\t\t<li><div  class=\"fusion-image-wrapper\" aria-haspopup=\"true\">\n\t\t\t\t\t\t\t<a href=\"https:\/\/cassese-dev.plateforme37.fr\/fr\/2022\/11\/du-changement-chez-cassese-un-nouveau-site-internet\/\" aria-label=\"Du changement chez Cassese : un nouveau site internet !\">\n\t\t\t\t\t\t\t<img decoding=\"async\" width=\"1280\" height=\"720\" src=\"https:\/\/cassese-dev.plateforme37.fr\/wp-content\/uploads\/2022\/11\/Cassese-actualite1.png\" class=\"attachment-full size-full wp-post-image\" alt=\"\" srcset=\"https:\/\/cassese-dev.plateforme37.fr\/wp-content\/uploads\/2022\/11\/Cassese-actualite1-200x113.png 200w, https:\/\/cassese-dev.plateforme37.fr\/wp-content\/uploads\/2022\/11\/Cassese-actualite1-400x225.png 400w, https:\/\/cassese-dev.plateforme37.fr\/wp-content\/uploads\/2022\/11\/Cassese-actualite1-600x338.png 600w, https:\/\/cassese-dev.plateforme37.fr\/wp-content\/uploads\/2022\/11\/Cassese-actualite1-800x450.png 800w, https:\/\/cassese-dev.plateforme37.fr\/wp-content\/uploads\/2022\/11\/Cassese-actualite1-1200x675.png 1200w, https:\/\/cassese-dev.plateforme37.fr\/wp-content\/uploads\/2022\/11\/Cassese-actualite1.png 1280w\" sizes=\"(min-width: 2200px) 100vw, (min-width: 784px) 373px, (min-width: 712px) 560px, (min-width: 640px) 712px, \" \/>\t\t\t<\/a>\n\t\t\t\t\t\t\t<\/div>\n<\/li>\n\t\t\t\n\t\t\t\n\t\t\t\t\t\t\t\t\t\t\t\t\t\t\t\t\t\t\t\t\t\t\t\t\t\t\t\t\t\t\t\t\t\t\t\t\t\t\t\t\t\t\t\t\t\t\t\t\t\t\t\t\t\t\t\t\t\t\t\t\t\t\t\t\t\t\t\t<\/ul>\n\t<\/div>\n\t<div class=\"fusion-post-content-wrapper\" style=\"padding:30px 25px 25px 25px;\"><div class=\"fusion-post-content post-content\"><h2 class=\"blog-shortcode-post-title entry-title\"><a href=\"https:\/\/cassese-dev.plateforme37.fr\/fr\/2022\/11\/du-changement-chez-cassese-un-nouveau-site-internet\/\">Du changement chez Cassese : un nouveau site internet !<\/a><\/h2><p class=\"fusion-single-line-meta\"><span class=\"vcard\" style=\"display: none;\"><span class=\"fn\"><a href=\"https:\/\/cassese-dev.plateforme37.fr\/fr\/author\/jean-marie-guero\/\" title=\"Articles par Jean-Marie GUERO\" rel=\"author\">Jean-Marie GUERO<\/a><\/span><\/span><span class=\"updated\" style=\"display:none;\">2022-11-08T11:42:51+01:00<\/span><span>8 novembre 2022<\/span><span class=\"fusion-inline-sep\">|<\/span><\/p><\/div><\/div><div class=\"fusion-clearfix\"><\/div><\/div>\n<\/article>\n<div class=\"fusion-clearfix\"><\/div><\/div><\/div><\/div><\/div><\/div><\/div><\/p>\n","protected":false},"excerpt":{"rendered":"","protected":false},"author":1,"featured_media":0,"parent":0,"menu_order":0,"comment_status":"closed","ping_status":"closed","template":"","meta":{"footnotes":""},"class_list":["post-1458","page","type-page","status-publish","hentry"],"acf":[],"_links":{"self":[{"href":"https:\/\/cassese-dev.plateforme37.fr\/fr\/wp-json\/wp\/v2\/pages\/1458","targetHints":{"allow":["GET"]}}],"collection":[{"href":"https:\/\/cassese-dev.plateforme37.fr\/fr\/wp-json\/wp\/v2\/pages"}],"about":[{"href":"https:\/\/cassese-dev.plateforme37.fr\/fr\/wp-json\/wp\/v2\/types\/page"}],"author":[{"embeddable":true,"href":"https:\/\/cassese-dev.plateforme37.fr\/fr\/wp-json\/wp\/v2\/users\/1"}],"replies":[{"embeddable":true,"href":"https:\/\/cassese-dev.plateforme37.fr\/fr\/wp-json\/wp\/v2\/comments?post=1458"}],"version-history":[{"count":1,"href":"https:\/\/cassese-dev.plateforme37.fr\/fr\/wp-json\/wp\/v2\/pages\/1458\/revisions"}],"predecessor-version":[{"id":1459,"href":"https:\/\/cassese-dev.plateforme37.fr\/fr\/wp-json\/wp\/v2\/pages\/1458\/revisions\/1459"}],"wp:attachment":[{"href":"https:\/\/cassese-dev.plateforme37.fr\/fr\/wp-json\/wp\/v2\/media?parent=1458"}],"curies":[{"name":"wp","href":"https:\/\/api.w.org\/{rel}","templated":true}]}}