{"id":1363,"date":"2022-03-24T13:05:16","date_gmt":"2022-03-24T12:05:16","guid":{"rendered":"https:\/\/cassese-dev.plateforme37.fr\/politique-de-confidentialite\/"},"modified":"2022-03-24T13:05:16","modified_gmt":"2022-03-24T12:05:16","slug":"politique-de-confidentialite","status":"publish","type":"page","link":"https:\/\/cassese-dev.plateforme37.fr\/fr\/politique-de-confidentialite\/","title":{"rendered":"Politique de confidentialit\u00e9"},"content":{"rendered":"<div class=\"fusion-fullwidth fullwidth-box fusion-builder-row-1 fusion-flex-container nonhundred-percent-fullwidth non-hundred-percent-height-scrolling\" style=\"--awb-border-radius-top-left:0px;--awb-border-radius-top-right:0px;--awb-border-radius-bottom-right:0px;--awb-border-radius-bottom-left:0px;--awb-flex-wrap:wrap;\" ><div class=\"fusion-builder-row fusion-row fusion-flex-align-items-flex-start fusion-flex-content-wrap\" style=\"max-width:1248px;margin-left: calc(-4% \/ 2 );margin-right: calc(-4% \/ 2 );\"><div class=\"fusion-layout-column fusion_builder_column fusion-builder-column-0 fusion_builder_column_1_1 1_1 fusion-flex-column\" style=\"--awb-bg-size:cover;--awb-width-large:100%;--awb-margin-top-large:0px;--awb-spacing-right-large:1.92%;--awb-margin-bottom-large:0px;--awb-spacing-left-large:1.92%;--awb-width-medium:100%;--awb-spacing-right-medium:1.92%;--awb-spacing-left-medium:1.92%;--awb-width-small:100%;--awb-spacing-right-small:1.92%;--awb-spacing-left-small:1.92%;\"><div class=\"fusion-column-wrapper fusion-flex-justify-content-flex-start fusion-content-layout-column\"><div class=\"fusion-title title fusion-title-1 fusion-sep-none fusion-title-text fusion-title-size-one\"><h1 class=\"fusion-title-heading title-heading-left fusion-responsive-typography-calculated\" style=\"margin:0;--fontSize:100;line-height:1.16;\">Politique de confidentilit\u00e9<\/h1><\/div><div class=\"fusion-text fusion-text-1\"><h4>Qui sommes-nous ?<\/h4>\n<p>Pour plus d\u2019informations, rendez-vous sur la page Mentions l\u00e9gales.<\/p>\n<p>L\u2019adresse de notre site Web est : www.cassese.com<\/p>\n<h4>Donn\u00e9es collect\u00e9es et mode de collecte<\/h4>\n<p>Les donn\u00e9es \u00e0 caract\u00e8re personnel collect\u00e9es sur le site www.cassese.com sont les suivantes\u00a0:<\/p>\n<ul>\n<li>Nom<\/li>\n<li>Pr\u00e9nom<\/li>\n<li>Mail<\/li>\n<li>Num\u00e9ro de t\u00e9l\u00e9phone<\/li>\n<li>Adresse<\/li>\n<\/ul>\n<p>Ces donn\u00e9es sont collect\u00e9es lorsque l\u2019utilisateur effectue l\u2019une des op\u00e9rations suivantes sur le site\u00a0:<\/p>\n<ul>\n<li>Demande de contact<\/li>\n<li>Demande de devis<\/li>\n<\/ul>\n<p>Le responsable du traitement conservera dans ses syst\u00e8mes informatiques du site et dans des conditions raisonnables de s\u00e9curit\u00e9 l\u2019ensemble des donn\u00e9es r\u00e9pondant aux finalit\u00e9s suivantes\u00a0:<\/p>\n<ul>\n<li>R\u00e9ponses \u00e0 des demandes de devis<\/li>\n<li>R\u00e9ponses \u00e0 des questions pos\u00e9es via le formulaire de contact<\/li>\n<li>Cr\u00e9ation de compte client<\/li>\n<\/ul>\n<p>Le traitement des donn\u00e9es effectu\u00e9 est fond\u00e9 sur les bases l\u00e9gales du consentement de l\u2019utilisateur.<\/p>\n<h4>Utilisation des donn\u00e9es personnelles collect\u00e9es<\/h4>\n<h5><strong>Commentaires<\/strong><\/h5>\n<p>Quand vous laissez un commentaire sur notre site web, les donn\u00e9es inscrites dans le formulaire de commentaire, mais aussi votre adresse IP et l\u2019agent utilisateur de votre navigateur sont collect\u00e9s pour nous aider \u00e0 la d\u00e9tection des commentaires ind\u00e9sirables.<\/p>\n<h5><strong>M\u00e9dias<\/strong><\/h5>\n<p>Si vous \u00eates un utilisateur ou une utilisatrice enregistr\u00e9\u00b7e et que vous t\u00e9l\u00e9versez des images sur le site web, nous vous conseillons d\u2019\u00e9viter de t\u00e9l\u00e9verser des images contenant des donn\u00e9es EXIF de coordonn\u00e9es GPS. Les visiteurs de votre site web peuvent t\u00e9l\u00e9charger et extraire des donn\u00e9es de localisation depuis ces images.<\/p>\n<h4>Gestion des cookies<\/h4>\n<p>La SARL CASSESE FRANCE utilise des cookies pour faciliter la navigation de l\u2019utilisateur sur le site www.cassese.com. Pour en savoir plus sur ces cookies, la fa\u00e7on dont ils sont utilis\u00e9s et comment les arr\u00eater, merci de lire les informations ci-dessous. Veuillez cependant noter que si vous arr\u00eatez la collecte de cookies, cela peut modifier le bon fonctionnement de notre site et d\u00e9grader votre navigation et exp\u00e9rience sur www.cassese.com.<\/p>\n<p>Qu\u2019est-ce qu\u2019un cookie ?<\/p>\n<p>Un cookie est un fichier texte contenant des informations d\u00e9pos\u00e9es sur l\u2019ordinateur de l\u2019utilisateur ou son appareil mobile lorsqu\u2019il visite un site Internet. Les cookies ont plusieurs fonctions, telle que lui permettre de naviguer efficacement entre les pages, se souvenir de ses choix, des biens et services qu\u2019il souhaite acheter, encore lui proposer des contenus publicitaires pertinents en fonction de ses centres d\u2019int\u00e9r\u00eats exprim\u00e9s lors de sa navigation. De plus amples informations sur les cookies sont disponibles sur les sites suivants :<\/p>\n<ul>\n<li>allaboutcookies.org<\/li>\n<li>aboutcookies.org<\/li>\n<li>youronlinechoices.eu<\/li>\n<\/ul>\n<p>En utilisant notre site Internet et nos autres services en ligne, l\u2019utilisateur consent \u00e0 l\u2019utilisation des cookies tels que d\u00e9crits dans la pr\u00e9sente politique relative aux cookies.<\/p>\n<p>Quels cookies utilise la SARL CASSESE FRANCE sur son site internet\u00a0?<\/p>\n<p>Les cookies strictement n\u00e9cessaires sont utiles \u00e0 la navigation de l\u2019utilisateur sur le site www.cassese.com. Concernant le site www.cassese.com, l\u2019utilisateur peut d\u00e9sactiver ces cookies qui sont strictement n\u00e9cessaires en utilisant les param\u00e8tres de son navigateur, cependant cela peut porter atteinte \u00e0 la bonne utilisation du site internet.<\/p>\n<p>Si vous d\u00e9posez un commentaire sur notre site, il vous sera propos\u00e9 d\u2019enregistrer votre nom, adresse de messagerie et site web dans des cookies. C\u2019est uniquement pour votre confort afin de ne pas avoir \u00e0 saisir ces informations si vous d\u00e9posez un autre commentaire plus tard. Ces cookies expirent au bout d\u2019un an.<\/p>\n<p>Si vous vous rendez sur la page de connexion, un cookie temporaire sera cr\u00e9\u00e9 afin de d\u00e9terminer si votre navigateur accepte les cookies. Il ne contient pas de donn\u00e9es personnelles et sera supprim\u00e9 automatiquement \u00e0 la fermeture de votre navigateur.<\/p>\n<p>Lorsque vous vous connecterez, nous mettrons en place un certain nombre de cookies pour enregistrer vos informations de connexion et vos pr\u00e9f\u00e9rences d\u2019\u00e9cran. La dur\u00e9e de vie d\u2019un cookie de connexion est de deux jours, celle d\u2019un cookie d\u2019option d\u2019\u00e9cran est d\u2019un an. Si vous cochez \u00ab Se souvenir de moi \u00bb, votre cookie de connexion sera conserv\u00e9 pendant deux semaines. Si vous vous d\u00e9connectez de votre compte, le cookie de connexion sera effac\u00e9.<\/p>\n<p>En modifiant ou en publiant une publication, un cookie suppl\u00e9mentaire sera enregistr\u00e9 dans votre navigateur. Ce cookie ne comprend aucune donn\u00e9e personnelle. Il indique simplement l\u2019ID de la publication que vous venez de modifier. Il expire au bout d\u2019un jour.<\/p>\n<h5>COOKIES DE PERFORMANCE<\/h5>\n<p>Ces cookies permettent de recueillir des informations sur la fa\u00e7on dont l\u2019utilisateur, utilise le site Internet, notamment les pages les plus consult\u00e9es ou encore les messages d\u2019erreurs re\u00e7us.\u00a0 Cela aide la SARL CASSESE FRANCE \u00e0 am\u00e9liorer le fonctionnement de son site Internet. Les cookies de performance utilis\u00e9s sont fournis par des tiers, mais la SARL CASSESE FRANCE contr\u00f4le l\u2019utilisation qui est faite de ces donn\u00e9es.<\/p>\n<p>Les cookies de performance suivants sont utilis\u00e9s sur notre site\u00a0:<\/p>\n<p><strong>Google Analytics\u00a0: <\/strong>La SARL CASSESE FRANCE utilise des cookies fournis par Google Analytics pour nous aider \u00e0 comprendre comment l\u2019utilisateur viens sur le site, pour mesurer l\u2019efficacit\u00e9 des publicit\u00e9s et savoir combien de visites sont re\u00e7ues sur le site. Ces informations permettent de comprendre quelles sont les pages les plus attractives, quels sont les produits les plus int\u00e9ressants pour les visiteurs, et quelles pages doivent \u00eatre am\u00e9lior\u00e9es. Pour refuser la collecte de ces cookies, allez sur : <a href=\"https:\/\/tools.google.com\/dlpage\/gaoptout\"><strong><em>https:\/\/tools.google.com\/dlpage\/gaoptout<\/em><\/strong><\/a> .<\/p>\n<h5>COOKIES DE FONCTIONNALITES<\/h5>\n<p>Ces cookies permettent de m\u00e9moriser les choix que l\u2019utilisateur faits et de lui proposer des informations plus personnalis\u00e9es. Par exemple, les cookies plac\u00e9s sur l\u2019ordinateur ou le mobile de l\u2019utilisateur pour identifier son pays et \u00e9ventuellement sa langue de pr\u00e9f\u00e9rence.<\/p>\n<h5>COOKIES PUBLICITAIRES<\/h5>\n<p>Ces cookies recueillent des informations sur les habitudes de navigation de l\u2019utilisateur afin de lui proposer des publicit\u00e9s pertinentes au regard de ses centres d\u2019int\u00e9r\u00eats. Ils permettent \u00e9galement de mesurer l\u2019efficacit\u00e9 d\u2019une campagne publicitaire. D\u00e9nomination entreprise peut partager ces informations avec des tiers \u00e0 des fins publicitaires.<\/p>\n<p>Double Click (Google) : Ce cookie analyse le succ\u00e8s des campagnes publicitaires de la SARL CASSESE FRANCE partout sur Internet en mesurant le nombre de publicit\u00e9s qui ont fait l\u2019objet d\u2019un clic et ont abouti \u00e0 la r\u00e9alisation d\u2019un achat. Cela permet d\u2019\u00e9viter de proposer \u00e0 l\u2019utilisateur des publicit\u00e9s qui ne l\u2019int\u00e9resseraient pas. L\u2019utilisateur trouvera des informations plus g\u00e9n\u00e9rales sur Google et ses r\u00e8gles en mati\u00e8re de publicit\u00e9 via le lien suivant : http:\/\/www.google.com\/policies\/privacy\/ads<\/p>\n<p>Pendant combien de temps les donn\u00e9es de cookies sont conserv\u00e9es ?<\/p>\n<p>La SARL CASSESE FRANCE ne conserve pas ces donn\u00e9es au-del\u00e0 12 mois apr\u00e8s leur collecte.<\/p>\n<p>Sites web de tiers<\/p>\n<p>Le site internet www.cassese.com contient des liens vers des sites Internet g\u00e9r\u00e9s par des tiers. Les cookies que ces autres sites utilisent ne sont pas de la responsabilit\u00e9 de la SARL CASSESE FRANCE. L\u2019utilisateur peut consulter les politiques relatives aux cookies de ces sites tiers s\u2019il souhaite en savoir davantage.<\/p>\n<ul>\n<li>Linkedin\u00a0: <a href=\"https:\/\/fr.linkedin.com\/legal\/privacy-policy\"><strong><em>https:\/\/fr.linkedin.com\/legal\/privacy-policy<\/em><\/strong><\/a><\/li>\n<li>Instagram\u00a0: <a href=\"https:\/\/help.instagram.com\/519522125107875\"><strong><em>https:\/\/help.instagram.com\/519522125107875<\/em><\/strong><\/a><\/li>\n<li>Youtube\u00a0: <a href=\"https:\/\/www.youtube.com\/intl\/ALL_fr\/howyoutubeworks\/user-settings\/privacy\/\"><strong><em>https:\/\/www.youtube.com\/intl\/ALL_fr\/howyoutubeworks\/user-settings\/privacy\/<\/em><\/strong><\/a><\/li>\n<\/ul>\n<p>Ces sites web pourraient collecter des donn\u00e9es sur vous, utiliser des cookies, embarquer des outils de suivis tiers, suivre vos interactions avec ces contenus embarqu\u00e9s si vous disposez d\u2019un compte connect\u00e9 sur leur site web.<\/p>\n<p>Nous vous rappelons que vous pouvez d\u00e9sactiver l\u2019utilisation de cookies en s\u00e9lectionnant les param\u00e8tres appropri\u00e9s de votre navigateur.<\/p>\n<h4>Utilisation et transmission de vos donn\u00e9es personnelles<\/h4>\n<p>Nous utilisons les donn\u00e9es que vous nous fournissez afin de maintenir, am\u00e9liorer et g\u00e9rer notre site web, de mettre en valeur notre commerce et de vous fournir des produits et services correspondant \u00e0 vos besoins. Elles nous permettent \u00e9galement d\u2019administrer votre compte, de vous informer sur des produits ou services pouvant potentiellement vous int\u00e9resser, et de personnaliser votre exp\u00e9rience en ligne.<\/p>\n<p>Pour remplir certaines fonctions commerciales, telles que la distribution de courriels ou le marketing, nous employons parfois des soci\u00e9t\u00e9s tierces afin d\u2019ex\u00e9cuter ces services pour nous. Ces soci\u00e9t\u00e9s ont acc\u00e8s aux informations personnelles identifiables n\u00e9cessaires \u00e0 la r\u00e9alisation de ces t\u00e2ches, mais elles sont contraintes de les garder en s\u00e9curit\u00e9 et confidentielles et de ne les utiliser dans aucun autre but que celui de remplir leurs exigences contractuelles vis \u00e0 vis de la SARL CASSESE FRANCE. Il se peut aussi que nous divulguions des informations, y compris informations personnelles, que nous recueillons sur vous dans d\u2019autres circonstances, comme la loi l\u2019\u00e9tablit ou l\u2019autorise. Par exemple, la SARL CASSESE FRANCE se r\u00e9serve le droit de divulguer des informations personnelles, y compris des informations sur votre compte, si nous estimons que leur divulgation s\u2019applique \u00e0 la coop\u00e9ration lors d\u2019investigations sur des activit\u00e9s d\u00e9clar\u00e9es ill\u00e9gales, au respect de nos Conditions g\u00e9n\u00e9rales, ou \u00e0 la protection des droits ou de la propri\u00e9t\u00e9 de la SARL CASSESE FRANCE ou autres. Par ailleurs, il est possible qu\u2019\u00e0 l\u2019avenir la SARL CASSESE FRANCE, ou son capital, soit acquis par une autre soci\u00e9t\u00e9. Il est aussi possible que la SARL CASSESE FRANCE puisse s\u2019associer ou acheter une autre soci\u00e9t\u00e9 afin de continuer l\u2019activit\u00e9 en tant qu\u2019entit\u00e9 jointe. Le cas \u00e9ch\u00e9ant, il est possible que les informations de nos clients, y compris informations personnelles, soient transf\u00e9r\u00e9es \u00e0 la nouvelle entit\u00e9 en tant qu\u2019un des actifs de la SARL CASSESE FRANCE. Si cela arrivait, nous mettrions \u00e0 jour cette politique pour qu\u2019elle refl\u00e8te tout changement de propri\u00e9taire ou de direction de vos informations personnelles.<\/p>\n<h4>Utilisation de commentaires<\/h4>\n<p>Vous donnez votre accord et droit sans restriction et autorisez la SARL CASSESE FRANCE, ses responsables, dirigeants et employ\u00e9s respectifs (ci-apr\u00e8s \u00ab la SARL CASSESE France \u00bb) \u00e0 utiliser, traduire, modifier, copier, distribuer, assigner ou sous-louer \u00e0 des fournisseurs de services, publier et reproduire tout ou partie de votre commentaire, y compris votre nom, pr\u00e9nom, ville et pays de r\u00e9sidence, nom de votre entreprise et adresse web, en relation \u00e0 toute activit\u00e9 marketing, publicitaire et\/ou promotionnelle des produits et\/ou services de la SARL CASSESE France.<\/p>\n<p>Votre commentaire peut \u00eatre utilis\u00e9 par ou au nom de la SARL CASSESE FRANCE, de quelle que mani\u00e8re que ce soit et dans n\u2019importe quelle finalit\u00e9 licite, y compris, mais sans s\u2019y limiter, marketing, promotionnelle et publicitaire et ce dans le monde entier, \u00e0 n\u2019importe quel moment et de n\u2019importe quelle mani\u00e8re, moyen ou format, pr\u00e9sent ou futur, \u00e9crit, \u00e9lectronique ou autre, y compris, mais sans s\u2019y limiter, pour les asilages colis, catalogues, la t\u00e9l\u00e9vision ou Internet, et peut appara\u00eetre sur les sites web de la SARL CASSESE FRANCE, dans ses publications, diffusions, offres, publicit\u00e9s, \u00e9v\u00e9nements et autres supports imprim\u00e9s ou \u00e9lectroniques (dans l\u2019ensemble, d\u00e9nomm\u00e9s l\u2019 \u00bbUtilisation Marketing \u00bb). Les donn\u00e9es personnelles recueillies, comme mentionn\u00e9 pr\u00e9c\u00e9demment, sont trait\u00e9es par les \u00e9quipes autoris\u00e9es par la SARL CASSESE FRANCE de conception graphique et de distribution des supports pour toute Utilisation Marketing.<\/p>\n<p>Vous autorisez la SARL CASSESE FRANCE \u00e0 modifier votre commentaire pour des raisons de clart\u00e9, longueur, orthographe ou grammaire et vous acceptez de ne pas avoir le droit d\u2019\u00eatre inform\u00e9 de ces changements ni de contr\u00f4ler ou valider toute Utilisation marketing. Vous ne pouvez pas utiliser dans votre commentaire le nom de votre employeur ou de votre entreprise sans le consentement de votre employeur. la SARL CASSESE FRANCE ne peut pas contr\u00f4ler si vous avez obtenu ou non le consentement de votre employeur. Par cons\u00e9quent, vous serez le seul responsable de tout dommage r\u00e9sultant de l\u2019utilisation du nom de votre employeur sans son consentement.<\/p>\n<p>Vous acceptez par cons\u00e9quent de ne recevoir aucune r\u00e9mun\u00e9ration ou autre compensation, financi\u00e8re ou d\u2019un autre ordre, pour votre commentaire, qu\u2019il soit publi\u00e9 ou non, ou utilis\u00e9 ult\u00e9rieurement de quelque forme que ce soit.<\/p>\n<p>Vous d\u00e9chargez de toute responsabilit\u00e9 la SARL CASSESE FRANCE et toute(s) autre(s) personne(s) ou entit\u00e9(s) pour n\u2019importe quelle violation de droit sur la personne ou sur la propri\u00e9t\u00e9 relative \u00e0 l\u2019utilisation de votre commentaire, et ce \u00e0 n\u2019importe quel moment.<\/p>\n<p>Vous affirmez \u00eatre majeur(e), avoir le droit de vous engager par contrat en votre nom, avoir lu l\u2019autorisation ci-dessus et que vous comprenez la totalit\u00e9 de son contenu.<\/p>\n<p>Vous pouvez retirer votre consentement et avez la possibilit\u00e9 d\u2019acc\u00e9der \u00e0 vos donn\u00e9es personnelles et de les modifier \u00e0 tout moment en envoyant une demande \u00e9crite au si\u00e8ge. D\u00e8s r\u00e9ception de votre demande, la SARL CASSESE FRANCE supprimera votre commentaire de toute Utilisation Marketing dans un d\u00e9lai de 60 jours. Vous autorisez l\u2019utilisation continue de votre commentaire pour donner suite \u00e0 sa suppression pour les activit\u00e9s ayant encouru des obligations financi\u00e8res avant la demande de suppression et pour lesquelles l\u2019\u00e9puisement des stocks existants au moment de la demande de suppression est n\u00e9cessaire.<\/p>\n<h4>Dur\u00e9es de stockage de vos donn\u00e9es<\/h4>\n<p>Si vous laissez un commentaire, le commentaire et ses m\u00e9tadonn\u00e9es sont conserv\u00e9s ind\u00e9finiment. Cela permet de reconna\u00eetre et approuver automatiquement les commentaires suivants au lieu de les laisser dans la file de mod\u00e9ration.<\/p>\n<h4>Les droits que vous avez sur vos donn\u00e9es<\/h4>\n<p>Si vous avez un compte ou si vous avez laiss\u00e9 des commentaires sur le site, vous pouvez demander \u00e0 recevoir un fichier contenant toutes les donn\u00e9es personnelles que nous poss\u00e9dons \u00e0 votre sujet, incluant celles que vous nous avez fournies. Vous pouvez \u00e9galement demander la suppression des donn\u00e9es personnelles vous concernant. Cela ne prend pas en compte les donn\u00e9es stock\u00e9es \u00e0 des fins administratives, l\u00e9gales ou pour des raisons de s\u00e9curit\u00e9.<\/p>\n<h4>Transmission de vos donn\u00e9es personnelles<\/h4>\n<p>Les commentaires des visiteurs peuvent \u00eatre v\u00e9rifi\u00e9s \u00e0 l\u2019aide d\u2019un service automatis\u00e9 de d\u00e9tection des commentaires ind\u00e9sirables.<\/p>\n<h4>Informations de contact<\/h4>\n<p>Les demandes \u00e9crites peuvent \u00eatre envoy\u00e9es \u00e0 l\u2019adresse suivante. N\u2019oubliez pas d\u2019inclure votre nom, adresse, num\u00e9ro de t\u00e9l\u00e9phone et demande sp\u00e9cifique.<\/p>\n<p>CASSESE FRANCE<br \/>\nZone industrielle<br \/>\n8 rue Denis Papin<br \/>\n77390 Verneuil-L\u2019\u00e9tang<br \/>\nFRANCE<\/p>\n<hr \/>\n<p style=\"text-align: right;\"><em>Mise \u00e0 jour le : 12\/10\/2022<\/em><\/p>\n<\/div><\/div><\/div><\/div><\/div>\n","protected":false},"excerpt":{"rendered":"","protected":false},"author":1,"featured_media":0,"parent":0,"menu_order":0,"comment_status":"closed","ping_status":"open","template":"","meta":{"footnotes":""},"class_list":["post-1363","page","type-page","status-publish","hentry"],"acf":[],"_links":{"self":[{"href":"https:\/\/cassese-dev.plateforme37.fr\/fr\/wp-json\/wp\/v2\/pages\/1363","targetHints":{"allow":["GET"]}}],"collection":[{"href":"https:\/\/cassese-dev.plateforme37.fr\/fr\/wp-json\/wp\/v2\/pages"}],"about":[{"href":"https:\/\/cassese-dev.plateforme37.fr\/fr\/wp-json\/wp\/v2\/types\/page"}],"author":[{"embeddable":true,"href":"https:\/\/cassese-dev.plateforme37.fr\/fr\/wp-json\/wp\/v2\/users\/1"}],"replies":[{"embeddable":true,"href":"https:\/\/cassese-dev.plateforme37.fr\/fr\/wp-json\/wp\/v2\/comments?post=1363"}],"version-history":[{"count":0,"href":"https:\/\/cassese-dev.plateforme37.fr\/fr\/wp-json\/wp\/v2\/pages\/1363\/revisions"}],"wp:attachment":[{"href":"https:\/\/cassese-dev.plateforme37.fr\/fr\/wp-json\/wp\/v2\/media?parent=1363"}],"curies":[{"name":"wp","href":"https:\/\/api.w.org\/{rel}","templated":true}]}}